{"id":19118,"date":"2020-03-21T08:26:01","date_gmt":"2020-03-21T08:26:01","guid":{"rendered":"https:\/\/tamariu.com\/apartamentos\/"},"modified":"2026-02-04T14:30:16","modified_gmt":"2026-02-04T14:30:16","slug":"apartaments","status":"publish","type":"page","link":"https:\/\/tamariu.com\/ca\/apartaments\/","title":{"rendered":"Apartamentos CA"},"content":{"rendered":"<div class=\"vgblk-rw-wrapper limit-wrapper\">\n<h1>\n\tApartaments Tamariu\n\t<\/h1>\n\t<a href=\"https:\/\/tamariu.com\/ca\/reserves\/\" target=\"_self\" role=\"button\" rel=\"noopener\">\n\t\t\t\t\tReservar\n\t<\/a>\n\t<h1>Apartaments a la mateixa platja de Tamariu<\/h1>\n\t<p><strong>Apartaments c\u00f2modes i confortables just al costat de l&#8217;hotel amb capacitat fins per a 8 persones i alguns amb aparcament gratu\u00eft.<\/strong><\/p>\n<h2>\n\tCAN NISSO\n\t<\/h2>\n\t<p>Constru\u00efts a l&#8217;antic empla\u00e7ament de l&#8217;annex de l&#8217;hotel fa pocs anys, s\u00f3n apartaments d&#8217;entre dos i tres habitacions, amb acabats de molt alta qualitat, amb aire condicionat i calefacci\u00f3 en tot l&#8217;apartament, ascensor i una pla\u00e7a d&#8217;aparcament per apartament. Estan disponibles durant tot l&#8217;any. <\/p>\n<h3>\n\tD\u00faplex 2A\n\t<\/h3>\n\t<strong>Capacitat m\u00e0xima: 5 persones<br \/>\n<\/strong>\nApartament d\u00faplex, de 3 habitacions i 2 banys, amb vistes al carrer i al mar, al segon pis. Aparcament incl\u00f2s. HUTG 009886<br \/>\n\n\t\t\t\t\t\t\t\t\t\tTemporada Baixa\t\t\t\t\t\t\t\t\t\n\t\t\t180 \u20ac\n\t\t\t180 \u20ac\n\t\t\t\t\t\t\t\t\t\tTemporada Mitja\t\t\t\t\t\t\t\t\t\n\t\t\t230 \u20ac\n\t\t\t230 \u20ac\n\t\t\t\t\t\t\t\t\t\tTemporada Alta\t\t\t\t\t\t\t\t\t\n\t\t\t300 \u20ac\n\t\t\t300 \u20ac\n\t<a href=\"https:\/\/tamariu.com\/ca\/reserves\/\" target=\"_self\" role=\"button\" rel=\"noopener\">\n\t\t\t\t\tRESERVAR\n\t<\/a>\n<h3>\n\tApartament PBA\n\t<\/h3>\n\t<strong>Capacitat m\u00e0xima: 4 persones<br \/>\n<\/strong>\nApartament de 2 habitacions i 2 banys, a la planta baixa i amb vistes al carrer. Aparcament incl\u00f2s. HUTG 009887<br \/>\n\n\t\t\t\t\t\t\t\t\t\tTemporada Baixa\t\t\t\t\t\t\t\t\t\n\t\t\t170 \u20ac\n\t\t\t170 \u20ac\n\t\t\t\t\t\t\t\t\t\tTemporada Mitja\t\t\t\t\t\t\t\t\t\n\t\t\t200 \u20ac\n\t\t\t200 \u20ac\n\t\t\t\t\t\t\t\t\t\tTemporada Alta\t\t\t\t\t\t\t\t\t\n\t\t\t265 \u20ac\n\t\t\t265 \u20ac\n\t<a href=\"https:\/\/tamariu.com\/reservas\/\" target=\"_self\" role=\"button\" rel=\"noopener\">\n\t\t\t\t\tRESERVAR\n\t<\/a>\n<h2>\n\tAPARTAMENTS\n\t<\/h2>\n\tSituats just darrere de l&#8217;hotel, reformats l&#8217;any 2014. Apartaments de tres habitacions dobles, dos banys, cuina i menjador. Amb dos sof\u00e0s-llit que suposen places extres. Tenen aire condicionat al menjador i ventiladors a les habitacions. Disponibles de maig a setembre.<br \/>\n\n<h3>\n\tGrocs\n\t<\/h3>\n\t<strong>Capacitat m\u00e0xima: 6 persones + 2 extra<br \/>\n<\/strong>\nDisposen de 1 dormitori amb llit de matrimoni i bany complet (dutxa) a la mateixa habitaci\u00f3, 2 habitacions dobles (2 llits), pati interior, bany complet (amb banyera), menjador amb 2 sof\u00e0s llit, cuina completa, rentadora, assecadora, aire condicionat i wifi. ATG 000038<br \/>\n\n\t\t\t\t\t\t\t\t\t\tTemporada Baixa\t\t\t\t\t\t\t\t\t\n\t\t\t160 \u20ac\n\t\t\t160 \u20ac\n\t\t\t\t\t\t\t\t\t\tTemporada Mitja\t\t\t\t\t\t\t\t\t\n\t\t\t200 \u20ac\n\t\t\t200 \u20ac\n\t\t\t\t\t\t\t\t\t\tTemporada Alta\t\t\t\t\t\t\t\t\t\n\t\t\t260 \u20ac\n\t\t\t260 \u20ac\n\t<a href=\"https:\/\/tamariu.com\/ca\/reserves\/\" target=\"_self\" role=\"button\" rel=\"noopener\">\n\t\t\t\t\tRESERVAR\n\t<\/a>\n<h3>\n\tVerds\n\t<\/h3>\n\t<strong>Capacitat m\u00e0xima: 5 persones + 2 extra<br \/>\n<\/strong>\nDisposen de 1 dormitori amb llit de matrimoni amb bany complet (dutxa) a la mateixa habitaci\u00f3, 1 habitaci\u00f3 doble (2 llits), 1 habitaci\u00f3 individual (1 llit), bany complet (amb banyera), menjador amb 2 sof\u00e0s llit, cuina completa , rentadora, assecadora, aire condicionat i wifi. ATG 000038<br \/>\n\n\t\t\t\t\t\t\t\t\t\tTemporada Baixa\t\t\t\t\t\t\t\t\t\n\t\t\t150 \u20ac\n\t\t\t150 \u20ac\n\t\t\t\t\t\t\t\t\t\tTemporada Mitja\t\t\t\t\t\t\t\t\t\n\t\t\t190 \u20ac\n\t\t\t190 \u20ac\n\t\t\t\t\t\t\t\t\t\tTemporada Alta\t\t\t\t\t\t\t\t\t\n\t\t\t250 \u20ac\n\t\t\t250 \u20ac\n\t<a href=\"https:\/\/tamariu.com\/ca\/reserves\/\" target=\"_self\" role=\"button\" rel=\"noopener\">\n\t\t\t\t\tRESERVAR\n\t<\/a>\n\n<\/div><!-- .vgblk-rw-wrapper -->","protected":false},"excerpt":{"rendered":"<p>Apartaments Tamariu Reservar Apartaments a la mateixa platja de Tamariu Apartaments c\u00f2modes i confortables just al costat de l&#8217;hotel amb capacitat fins per a 8 persones i alguns amb aparcament gratu\u00eft. CAN NISSO Constru\u00efts a l&#8217;antic empla\u00e7ament de l&#8217;annex de l&#8217;hotel fa pocs anys, s\u00f3n apartaments d&#8217;entre dos i tres habitacions, amb acabats de molt&#8230;<\/p>\n","protected":false},"author":1,"featured_media":0,"parent":0,"menu_order":0,"comment_status":"closed","ping_status":"closed","template":"","meta":{"inline_featured_image":false,"footnotes":""},"yst_prominent_words":[721,712,707,717,704,722,705,715,709,710,723,706,720,714,718,719,713,711,708,716],"class_list":["post-19118","page","type-page","status-publish","hentry"],"_links":{"self":[{"href":"https:\/\/tamariu.com\/ca\/wp-json\/wp\/v2\/pages\/19118"}],"collection":[{"href":"https:\/\/tamariu.com\/ca\/wp-json\/wp\/v2\/pages"}],"about":[{"href":"https:\/\/tamariu.com\/ca\/wp-json\/wp\/v2\/types\/page"}],"author":[{"embeddable":true,"href":"https:\/\/tamariu.com\/ca\/wp-json\/wp\/v2\/users\/1"}],"replies":[{"embeddable":true,"href":"https:\/\/tamariu.com\/ca\/wp-json\/wp\/v2\/comments?post=19118"}],"version-history":[{"count":6,"href":"https:\/\/tamariu.com\/ca\/wp-json\/wp\/v2\/pages\/19118\/revisions"}],"predecessor-version":[{"id":20964,"href":"https:\/\/tamariu.com\/ca\/wp-json\/wp\/v2\/pages\/19118\/revisions\/20964"}],"wp:attachment":[{"href":"https:\/\/tamariu.com\/ca\/wp-json\/wp\/v2\/media?parent=19118"}],"wp:term":[{"taxonomy":"yst_prominent_words","embeddable":true,"href":"https:\/\/tamariu.com\/ca\/wp-json\/wp\/v2\/yst_prominent_words?post=19118"}],"curies":[{"name":"wp","href":"https:\/\/api.w.org\/{rel}","templated":true}]}}