{"id":19197,"date":"2020-03-21T14:49:12","date_gmt":"2020-03-21T14:49:12","guid":{"rendered":"https:\/\/tamariu.com\/habitaciones\/"},"modified":"2024-12-16T10:34:16","modified_gmt":"2024-12-16T10:34:16","slug":"habitacions","status":"publish","type":"page","link":"https:\/\/tamariu.com\/ca\/habitacions\/","title":{"rendered":"Habitaciones CA"},"content":{"rendered":"<div class=\"vgblk-rw-wrapper limit-wrapper\">\n<h1>\n\tHabitacions\n\t<\/h1>\n\t<a href=\"https:\/\/tamariu.com\/ca\/reserves\/\" target=\"_self\" role=\"button\" rel=\"noopener\">\n\t\t\t\t\tReservar\n\t<\/a>\n\t<h1>17 Habitacions<br \/>\n<\/h1>\n\t<strong>Les nostres habitacions disposen de bany complet, aire condicionat, caixa forta, nevera, televisi\u00f3, tel\u00e8fon i wi-fi gratu\u00eft.<br \/>\n<\/strong>\n<p>Tria entre les nostres habitacions la que s&#8217;ajusti a les teves necessitats: amb vista al mar, terrassa&#8230;<\/p>\n\t\t\t\t\t\t\t\t\t\tTemporada Baixa\t\t\t\t\t\t\t\t\t\n\t\t\t14\/02-15\/04 + 21\/04-15\/05 + 14\/09-30\/11\n\t\t\t\t\t\t\t\t<p><!--more--><\/p>\t\t\t\t\t\t\t\t\n\t\t\t14\/02-15\/04 + 21\/04-15\/05 + 14\/09-30\/11\n\t\t\t\t\t\t\t\t\t\tTemporada Mitja\t\t\t\t\t\t\t\t\t\n\t\t\t16\/04-20\/04 + 16\/05-19\/06 + 24\/08-13\/09\n\t\t\t16\/04-20\/04 + 16\/05-19\/06 + 24\/08-13\/09\n\t\t\t\t\t\t\t\t\t\tTemporada Alta\t\t\t\t\t\t\t\t\t\n\t\t\t20\/06-23\/08\n\t\t\t20\/06-23\/08\n<h2>\n\tSuite\n\t<\/h2>\n\t<p><strong>Amb terrassa i vistes al mar<\/strong><\/p>\n<p>\u00c9s la nostra habitaci\u00f3 m\u00e9s especial. Disposa d&#8217;una \u00e0mplia terrassa amb vistes al mar on podr\u00e0s prendre el sol o tenir un sopar rom\u00e0ntic amb la teva parella.<\/p>\n\t\t\t\t\t\t\t\t\t\tTemporada Baixa\t\t\t\t\t\t\t\t\t\n\t\t\t160 \u20ac\n\t\t\t160 \u20ac\n\t\t\t\t\t\t\t\t\t\tTemporada Mitja\t\t\t\t\t\t\t\t\t\n\t\t\t190 \u20ac\n\t\t\t190 \u20ac\n\t\t\t\t\t\t\t\t\t\tTemporada Alta\t\t\t\t\t\t\t\t\t\n\t\t\t249 \u20ac\n\t\t\t249 \u20ac\n\t<a href=\"https:\/\/tamariu.com\/ca\/reserves\/\" target=\"_self\" role=\"button\" rel=\"noopener\">\n\t\t\t\t\tRESERVAR\n\t<\/a>\n<h2>\n\tDoble Superior\n\t<\/h2>\n\t<p><strong>Amb balc\u00f3 i vistes al mar<\/strong><\/p>\n\u00c0mplia i confortable habitaci\u00f3 amb tota mena de comoditats i espectaculars vistes al mar des del seu balc\u00f3.<br \/>\n\n\t\t\t\t\t\t\t\t\t\tTemporada Baixa\t\t\t\t\t\t\t\t\t\n\t\t\t140 \u20ac\n\t\t\t140 \u20ac\n\t\t\t\t\t\t\t\t\t\tTemporada Mitja\t\t\t\t\t\t\t\t\t\n\t\t\t160 \u20ac\n\t\t\t160 \u20ac\n\t\t\t\t\t\t\t\t\t\tTemporada Alta\t\t\t\t\t\t\t\t\t\n\t\t\t222 \u20ac\n\t\t\t222 \u20ac\n\t<a href=\"https:\/\/tamariu.com\/ca\/reserves\/\" target=\"_self\" role=\"button\" rel=\"noopener\">\n\t\t\t\t\tRESERVAR\n\t<\/a>\n<h2>\n\tDoble Lateral\n\t<\/h2>\n\t<p><strong>Amb balc\u00f3 i vistes a lateral de l&#8217;hotel<\/strong><\/p>\n\u00c0mplia i confortable habitaci\u00f3 amb tota mena de comoditats i amb terrassa al lateral de l&#8217;hotel.<br \/>\n\n\t\t\t\t\t\t\t\t\t\tTemporada Baixa\t\t\t\t\t\t\t\t\t\n\t\t\t125 \u20ac\n\t\t\t125 \u20ac\n\t\t\t\t\t\t\t\t\t\tTemporada Mitja\t\t\t\t\t\t\t\t\t\n\t\t\t146 \u20ac\n\t\t\t146 \u20ac\n\t\t\t\t\t\t\t\t\t\tTemporada Alta\t\t\t\t\t\t\t\t\t\n\t\t\t206 \u20ac\n\t\t\t206 \u20ac\n\t<a href=\"https:\/\/tamariu.com\/ca\/reserves\/\" target=\"_self\" role=\"button\" rel=\"noopener\">\n\t\t\t\t\tRESERVAR\n\t<\/a>\n<h2>\n\tDoble Est\u00e0ndard\n\t<\/h2>\n\t<strong>Sense balc\u00f3 i amb vista a la part posterior<br \/>\n<\/strong>\n\u00c0mplia i confortable habitaci\u00f3 amb tota mena de comoditats i vistes a la part posterior de l&#8217;hotel.<br \/>\n\n\t\t\t\t\t\t\t\t\t\tTemporada Baixa\t\t\t\t\t\t\t\t\t\n\t\t\t105 \u20ac\n\t\t\t105 \u20ac\n\t\t\t\t\t\t\t\t\t\tTemporada Mitja\t\t\t\t\t\t\t\t\t\n\t\t\t122 \u20ac\n\t\t\t122 \u20ac\n\t\t\t\t\t\t\t\t\t\tTemporada Alta\t\t\t\t\t\t\t\t\t\n\t\t\t169 \u20ac\n\t\t\t169 \u20ac\n\t<a href=\"https:\/\/tamariu.com\/ca\/reserves\/\" target=\"_self\" role=\"button\" rel=\"noopener\">\n\t\t\t\t\tRESERVAR\n\t<\/a>\n\t\t<iframe src=\"https:\/\/www.google.com\/maps\/embed?pb=!4v1585922957149!6m8!1m7!1sCAoSLEFGMVFpcE5VWTZqSzNRTUExSU1JY3NOUHB0TUw1MjVJNjEwcEMzbWdEMzhh!2m2!1d41.918232022824!2d3.2073005147856!3f170.48856794409713!4f-15.142804029991424!5f0.4000000000000002\" height=\"400\" frameborder=\"0\"><\/iframe>\n\n<\/div><!-- .vgblk-rw-wrapper -->","protected":false},"excerpt":{"rendered":"<p>Habitacions Reservar 17 Habitacions Les nostres habitacions disposen de bany complet, aire condicionat, caixa forta, nevera, televisi\u00f3, tel\u00e8fon i wi-fi gratu\u00eft. Tria entre les nostres habitacions la que s&#8217;ajusti a les teves necessitats: amb vista al mar, terrassa&#8230; Temporada Baixa 14\/02-15\/04 + 21\/04-15\/05 + 14\/09-30\/11<\/p>\n","protected":false},"author":1,"featured_media":0,"parent":0,"menu_order":0,"comment_status":"closed","ping_status":"closed","template":"","meta":{"inline_featured_image":false,"footnotes":""},"yst_prominent_words":[750,725,703,758,730,729,702,129,724,742,732,740,754,157,737,734,727,745,726,698],"class_list":["post-19197","page","type-page","status-publish","hentry"],"_links":{"self":[{"href":"https:\/\/tamariu.com\/ca\/wp-json\/wp\/v2\/pages\/19197"}],"collection":[{"href":"https:\/\/tamariu.com\/ca\/wp-json\/wp\/v2\/pages"}],"about":[{"href":"https:\/\/tamariu.com\/ca\/wp-json\/wp\/v2\/types\/page"}],"author":[{"embeddable":true,"href":"https:\/\/tamariu.com\/ca\/wp-json\/wp\/v2\/users\/1"}],"replies":[{"embeddable":true,"href":"https:\/\/tamariu.com\/ca\/wp-json\/wp\/v2\/comments?post=19197"}],"version-history":[{"count":6,"href":"https:\/\/tamariu.com\/ca\/wp-json\/wp\/v2\/pages\/19197\/revisions"}],"predecessor-version":[{"id":20842,"href":"https:\/\/tamariu.com\/ca\/wp-json\/wp\/v2\/pages\/19197\/revisions\/20842"}],"wp:attachment":[{"href":"https:\/\/tamariu.com\/ca\/wp-json\/wp\/v2\/media?parent=19197"}],"wp:term":[{"taxonomy":"yst_prominent_words","embeddable":true,"href":"https:\/\/tamariu.com\/ca\/wp-json\/wp\/v2\/yst_prominent_words?post=19197"}],"curies":[{"name":"wp","href":"https:\/\/api.w.org\/{rel}","templated":true}]}}