{"id":19199,"date":"2020-03-21T09:52:03","date_gmt":"2020-03-21T09:52:03","guid":{"rendered":"https:\/\/tamariu.com\/historia\/"},"modified":"2020-04-17T08:59:38","modified_gmt":"2020-04-17T08:59:38","slug":"historia","status":"publish","type":"page","link":"https:\/\/tamariu.com\/ca\/historia\/","title":{"rendered":"Historia CA"},"content":{"rendered":"<div class=\"vgblk-rw-wrapper limit-wrapper\"><h1>\n\tHist\u00f2ria\n\t<\/h1>\n\t<h1>L\u2019hotel m\u00e9s antic de Tamariu<\/h1>\n\t<strong>Des de 1930<br \/>\n<\/strong>\n<p>Per explicar-vos els inicis del nostre petit hotel familiar, hem de retrocedir i anar-nos m\u00e9s enll\u00e0 dels anys 30, quan els meus avis, Josep i Leonor, van obrir una taverna en aquest id\u00edl\u00b7lic poble costaner que \u00e9s Tamariu. Josep era pescador i, com en aquells moments no faltava el peix, Leonor va comen\u00e7ar a cuinar per a la gent que baixava de Palafrugell, sobretot persones que es dedicaven a el m\u00f3n del suro i de la seva elaboraci\u00f3, i que tenien ganes de gaudir de la pau que llavors trobaven a la platja de Tamariu.<\/p>\n<p>Tamb\u00e9, per aquelles dates, van comen\u00e7ar a arribar fam\u00edlies foranes decidides a passar uns dies de rep\u00f2s, i va ser quan van decidir ampliar l&#8217;oferta fent alguna habitaci\u00f3. Dels seus fills, C\u00e0ndida, la meva mare, va ser la que m\u00e9s es va sentir atreta pels fogons i amb Luis, el meu pare, van continuar ampliant el negoci, seguint els passos dels pares.<\/p>\n<p>Mentrestant, el meu germ\u00e0 Luis i jo, Fina, vam anar mamant, des de petits, el m\u00f3n de l&#8217;hostaleria i amb el temps i juntament amb les nostres parelles, Carmen i Salvador, vam continuar al peu del can\u00f3 durant molts anys i junts vam anar renovant. Quan el meu germ\u00e0 i Carmen van decidir jubilar-se, el meu marit i jo, juntament amb els nostres tres fills, vam prendre les regnes i ja sota la batuta dels joves vam sortir endavant, donant-li un punt de modernitat.<\/p>\n<p>Ara, i per circumst\u00e0ncies de la vida, s\u00f3n les meves filles, Susan i Anna, les que amb moltes ganes, s\u00f3n al front del negoci, i jo espero i desitjo, que dels quatre nets que tinc, surti algun amb voluntat de lluitar per a que no es perdi el que els seus avantpassats van comen\u00e7ar fa tants anys amb entrega i il\u00b7lusi\u00f3.<\/p>\n<p>Fina Trilla<\/p>\n\t\t\t\t\t\t\t\t<!-- pagination -->\n\t\t\t\t\t\t<!-- navigation arrows -->\n\t<\/div><!-- .vgblk-rw-wrapper -->","protected":false},"excerpt":{"rendered":"<p>Hist\u00f2ria L\u2019hotel m\u00e9s antic de Tamariu Des de 1930 Per explicar-vos els inicis del nostre petit hotel familiar, hem de retrocedir i anar-nos m\u00e9s enll\u00e0 dels anys 30, quan els meus avis, Josep i Leonor, van obrir una taverna en aquest id\u00edl\u00b7lic poble costaner que \u00e9s Tamariu. Josep era pescador i, com en aquells moments&#8230;<\/p>\n","protected":false},"author":1,"featured_media":0,"parent":0,"menu_order":0,"comment_status":"closed","ping_status":"closed","template":"","meta":{"inline_featured_image":false,"footnotes":""},"yst_prominent_words":[764,738,756,736,735,751,739,419,761,731,743,733,747,728],"class_list":["post-19199","page","type-page","status-publish","hentry"],"_links":{"self":[{"href":"https:\/\/tamariu.com\/ca\/wp-json\/wp\/v2\/pages\/19199"}],"collection":[{"href":"https:\/\/tamariu.com\/ca\/wp-json\/wp\/v2\/pages"}],"about":[{"href":"https:\/\/tamariu.com\/ca\/wp-json\/wp\/v2\/types\/page"}],"author":[{"embeddable":true,"href":"https:\/\/tamariu.com\/ca\/wp-json\/wp\/v2\/users\/1"}],"replies":[{"embeddable":true,"href":"https:\/\/tamariu.com\/ca\/wp-json\/wp\/v2\/comments?post=19199"}],"version-history":[{"count":0,"href":"https:\/\/tamariu.com\/ca\/wp-json\/wp\/v2\/pages\/19199\/revisions"}],"wp:attachment":[{"href":"https:\/\/tamariu.com\/ca\/wp-json\/wp\/v2\/media?parent=19199"}],"wp:term":[{"taxonomy":"yst_prominent_words","embeddable":true,"href":"https:\/\/tamariu.com\/ca\/wp-json\/wp\/v2\/yst_prominent_words?post=19199"}],"curies":[{"name":"wp","href":"https:\/\/api.w.org\/{rel}","templated":true}]}}