{"id":19255,"date":"2017-09-03T22:38:55","date_gmt":"2017-09-03T22:38:55","guid":{"rendered":"https:\/\/tamariu.com\/home-page-3\/"},"modified":"2026-04-02T07:39:43","modified_gmt":"2026-04-02T07:39:43","slug":"home-page-3","status":"publish","type":"page","link":"https:\/\/tamariu.com\/ca\/","title":{"rendered":"Inicio CA"},"content":{"rendered":"<div class=\"vgblk-rw-wrapper limit-wrapper\">\n<h1>\n\tHotel Tamariu\n\t<\/h1>\n\tDes de 1930<br \/>\n\n\t<a href=\"https:\/\/tamariu.com\/ca\/reserves\/\" target=\"_self\" role=\"button\" rel=\"noopener\">\n\t\t\t\t\tReservar\n\t<\/a>\n\t<h1>Hotel tranquil i familiar a la mateixa platja de Tamariu<\/h1>\n\t<p><strong>Amb una privilegiada situaci\u00f3 a primera l\u00ednia de mar, \u00e9s un bon punt de partida per con\u00e8ixer tot l&#8217;entorn de la Costa Brava.<\/strong><\/p>\n<p>Busques <strong>desconnectar de la rutina<\/strong>, fer una escapada familiar o sorprendre la teva parella? Amb el mar Mediterrani com a company, podr\u00e0s gaudir de la platja, cales amagades, sol i tranquil\u00b7litat.<\/p>\n<p>A l&#8217;Hotel Tamariu t&#8217;oferim una estada en una <strong>habitaci\u00f3 amb vistes al mar<\/strong>, allotjar-te en un dels nostres <strong>apartaments<\/strong> o prendre alguna cosa amb vistes al mar en el nostre Snack-Bar. Si prefereixes una mica d&#8217;acci\u00f3, tamb\u00e9 podr\u00e0s fer caiac, submarinisme, excursions i tota mena d&#8217;<strong>activitats n\u00e0utiques<\/strong>.<\/p>\n<p>Vine i gaudeix de l&#8217;encant natural de Tamariu!<\/p>\n\t\t\t\t\t\t\t\t\t<img loading=\"lazy\" decoding=\"async\" src=\"https:\/\/tamariu.com\/wp-content\/uploads\/bb-plugin\/cache\/suite-2-landscape.jpg\" alt=\"Suite con terraza y vistas al mar\" itemprop=\"image\" height=\"800\" width=\"1200\" title=\"Suite con terraza y vistas al mar\" onerror=\"this.style.display='none'\"  \/>\n<h2>\n\tHabitacions\n\t<\/h2>\n\tAlgunes de les nostres habitacions tenen vistes al mar.<br \/>\n\n<p>Disposem de 17 habitacions amb bany complet, aire condicionat, televisi\u00f3, tel\u00e8fon i wi-fi gratu\u00eft. Tria entre les nostres habitacions la que s&#8217;ajusti a les teves necessitats: vistes al mar, terrassa&#8230;<\/p>\n\t<a href=\"https:\/\/tamariu.com\/ca\/habitacions\/\" target=\"_self\" role=\"button\" rel=\"noopener\">\n\t\t\t\t\tVEURE HABITACIONS\n\t<\/a>\n<h2>\n\tSnack-Bar\n\t<\/h2>\n\tLa Salada<br \/>\n\n<p>Disposem d&#8217;una variada carta d&#8217;amanides, entrants, entrepans i torrades durant to el dia, acompanyades d&#8217;una variada carta de begudes i vins locals. L&#8217;Snack-Bar est\u00e0 situat a peu de platja i disposa d&#8217;una <strong>terrassa amb magn\u00edfiques vistes al mar <\/strong>on es pot gaudir d&#8217;un ambient tranquil sol o acompanyat.<\/p>\n<p>\u00a0<\/p>\n\t<a href=\"https:\/\/tamariu.com\/ca\/restaurant\/\" target=\"_self\" role=\"button\" rel=\"noopener\">\n\t\t\t\t\tVEURE SNACK-BAR\n\t<\/a>\n\t\t\t\t\t\t\t\t\t<img loading=\"lazy\" decoding=\"async\" src=\"https:\/\/tamariu.com\/wp-content\/uploads\/bb-plugin\/cache\/snack-bar-2-landscape.jpg\" alt=\"snack-bar-2\" itemprop=\"image\" height=\"1108\" width=\"1900\" title=\"snack-bar-2\" onerror=\"this.style.display='none'\"  \/>\n\t\t\t\t\t\t\t\t\t<img loading=\"lazy\" decoding=\"async\" src=\"https:\/\/tamariu.com\/wp-content\/uploads\/bb-plugin\/cache\/hotel-tamariu-3-landscape.jpg\" alt=\"hotel-tamariu-3\" itemprop=\"image\" height=\"701\" width=\"1024\" title=\"hotel-tamariu-3\" onerror=\"this.style.display='none'\"  \/>\n<h2>\n\tApartaments\n\t<\/h2>\n\tCapacitat fins a 8 persones.<br \/>\n\nDisposem de diversos c\u00f2modes i moderns apartaments al costat de l&#8217;hotel, de 2 i 3 habitacions, aire condicionat i amb capacitat fins a 8 persones. Alguns tenen la seva pr\u00f2pia pla\u00e7a d&#8217;aparcament.<br \/>\n\n\t<a href=\"https:\/\/tamariu.com\/ca\/apartaments\/\" target=\"_self\" role=\"button\" rel=\"noopener\">\n\t\t\t\t\tVER APARTAMENTOS\n\t<\/a>\n<h2>\n\tXec regal\n\t<\/h2>\n\tT&#8217;agradaria obsequiar alg\u00fa amb una escapada a la Costa Brava?<br \/>\n\n<p>Regala una escapada rom\u00e0ntica en una habitaci\u00f3 amb vistes a la mar, de cap de setmana, gastron\u00f2mica o el que tu vulguis entre tots els nostres serveis.<\/p>\n\t<a href=\"https:\/\/regala.tamariu.com\" target=\"_self\" role=\"button\" rel=\"noopener\">\n\t\t\t\t\tM\u00c9S INFORMACI\u00d3\n\t<\/a>\n\t\t\t\t\t\t\t\t\t<img loading=\"lazy\" decoding=\"async\" src=\"https:\/\/tamariu.com\/wp-content\/uploads\/bb-plugin\/cache\/cheque-tamariu-landscape.jpg\" alt=\"cheque-tamariu\" itemprop=\"image\" height=\"1224\" width=\"1632\" title=\"cheque-tamariu\" onerror=\"this.style.display='none'\"  \/>\n\t\t\t\t\t\t\t\t\t<img loading=\"lazy\" decoding=\"async\" src=\"https:\/\/tamariu.com\/wp-content\/uploads\/bb-plugin\/cache\/hotel-tamariu-62-landscape.jpg\" alt=\"hotel-tamariu-62\" itemprop=\"image\" height=\"1085\" width=\"1600\" title=\"hotel-tamariu-62\" onerror=\"this.style.display='none'\"  \/>\n<h2>\n\tDescobreix Tamariu\n\t<\/h2>\n\tDescobreix tot el que pots veure i fer en un dels pobles m\u00e9s bonics de la Costa Brava.<br \/>\n\n<p>Tamariu atrau els visitants pel seu aspecte quasi verge i l&#8217;ambient tranquil que es respira. Un paisatge a\u00efllat, cobert de roques i densa vegetaci\u00f3, amb un litoral esquitxat amb cales i una badia d&#8217;aig\u00fces profundes i transparents. Tota una invitaci\u00f3 a gaudir d&#8217;uns dies de descans i desconnexi\u00f3.<\/p>\n\t<a href=\"https:\/\/tamariu.com\/ca\/tamariu\/\" target=\"_self\" role=\"button\" rel=\"noopener\">\n\t\t\t\t\tLLEGIR M\u00c9S\n\t<\/a>\n\t<a href=\"https:\/\/tamariu.com\/ca\/webcams\/\" target=\"_self\" role=\"button\" rel=\"noopener\">\n\t\t\t\t\tVEURE WEBCAMS\n\t<\/a>\n\t\t<iframe src=\"https:\/\/maps.google.com\/maps?q=Hotel+Tamariu&#038;iwloc=near&#038;output=embed\" height=\"400\" frameborder=\"0\" loading=\"lazy\"><\/iframe>\n\t<a href=\"https:\/\/www.google.es\/maps\/dir\/\/Hotel+Tamariu+Restaurant,+Passeig+del+Mar,+2,+17212+Tamariu,+Girona\/@41.9182701,3.2074318,15z\" target=\"_blank\" role=\"button\" rel=\"noopener\">\n\t\t\t\t\tCOM ARRIBAR-HI\n\t<\/a>\n\t<pre class=\"ti-widget\" style=\"display: none\"><div class=\"ti-widget ti-book ti-show-rating-text ti-review-text-mode-readmore ti-text-align-left\" data-no-translation=\"true\" data-time-locale=\"hace %d %s|hoy|d\u00eda|d\u00edas|semana|semanas|mes|meses|a\u00f1o|a\u00f1os\" data-layout-id=\"5\" data-set-id=\"light-background\" data-pid=\"b5167179c03e50ec942cb\" data-pager-autoplay-timeout=\"6\" > <div class=\"ti-widget-container ti-col-4\"> <div class=\"ti-footer source-Booking\"> <div class=\"ti-large-logo\"> <div class=\"ti-v-center\"> <img loading=\"lazy\" decoding=\"async\" class=\"ti-logo-fb\" src=\"https:\/\/cdn.trustindex.io\/assets\/platform\/Booking\/logo.svg\" width=\"150\" height=\"25\" alt=\"Booking\" \/> <\/div> <\/div> <span class=\"ti-stars star-lg\"> <div class='ti-rating-box'>9.1<\/div> <\/span> <div class=\"ti-rating-text\"> <strong class=\"ti-rating\"> EXCELENTE <\/strong> <span class=\"nowrap\">A base de <strong>434 evaluaciones<\/strong><\/span> <\/div> <\/div> <div class=\"ti-reviews-container\"> <div class=\"ti-controls\"> <div class=\"ti-next\"><\/div> <div class=\"ti-prev\"><\/div> <\/div> <div class=\"ti-reviews-container-wrapper\">  <div data-empty=\"0\" data-time=\"1682294400\" class=\"ti-review-item source-Booking\" > <div class=\"ti-inner\"> <div class=\"ti-review-header\"> <div class=\"ti-profile-img\"> <img decoding=\"async\" src=\"https:\/\/cf.bstatic.com\/static\/img\/review\/avatars\/ava-j\/f69a0f45af414641ac0371c1f139c49637969c6c.png\" alt=\"Juan\" \/> <\/div> <div class=\"ti-profile-details\"> <div class=\"ti-name\"> Juan <\/div> <div class=\"ti-date\"><\/div> <\/div> <\/div> <span class=\"ti-stars\"><div class=\"ti-rating-box\">8.0<\/div><span class=\"ti-verified-review\"><span class=\"ti-verified-tooltip\">Verificada<\/span><\/span><\/span> <div class=\"ti-review-content\"><!-- R-CONTENT --><strong>Muy bien<\/strong><!-- R-CONTENT --><\/div> <span class=\"ti-read-more\" data-container=\".ti-review-content\" data-collapse-text=\"Ocultar\" data-open-text=\"Leer m\u00e1s\"><\/span> <\/div> <\/div>  <div data-empty=\"0\" data-time=\"1682208000\" class=\"ti-review-item source-Booking\" > <div class=\"ti-inner\"> <div class=\"ti-review-header\"> <div class=\"ti-profile-img\"> <img decoding=\"async\" src=\"https:\/\/cf.bstatic.com\/static\/img\/review\/avatars\/ava-f\/8ecb6dbf787bac20deb3945d9c8a8b1c94cc5e64.png\" alt=\"Francisco\" \/> <\/div> <div class=\"ti-profile-details\"> <div class=\"ti-name\"> Francisco <\/div> <div class=\"ti-date\"><\/div> <\/div> <\/div> <span class=\"ti-stars\"><div class=\"ti-rating-box\">10<\/div><span class=\"ti-verified-review\"><span class=\"ti-verified-tooltip\">Verificada<\/span><\/span><\/span> <div class=\"ti-review-content\"><!-- R-CONTENT --><strong>De lo mejor de la Costa Brava en plan familiar<\/strong>\n\u263a Nos gust\u00f3 todo. Es un hotel muy acogedor. Su ubicaci\u00f3n es inmejorable. Nos dieron habitaciones con balc\u00f3n y vistas al mar. Las vistas son extraordinarias. La atencion muy buena por todo el personal. El desayuno de calidad y m\u00e1s que suficiente. La limpieza impecable en todo el hotel, especialmente en lavabo y habitaci\u00f3n.\n\n\u2639 No hay nada que no me gustase, ser\u00eda imposible decir algo negativo.<!-- R-CONTENT --><\/div> <span class=\"ti-read-more\" data-container=\".ti-review-content\" data-collapse-text=\"Ocultar\" data-open-text=\"Leer m\u00e1s\"><\/span> <\/div> <\/div>  <div data-empty=\"0\" data-time=\"1682121600\" class=\"ti-review-item source-Booking\" > <div class=\"ti-inner\"> <div class=\"ti-review-header\"> <div class=\"ti-profile-img\"> <img decoding=\"async\" src=\"https:\/\/lh3.googleusercontent.com\/a\/AATXAJzb6OvsEFwI6yfz4Qqx-NRqHUhNsUTxVU9ZS3uO=s96-c\" alt=\"Luis\" \/> <\/div> <div class=\"ti-profile-details\"> <div class=\"ti-name\"> Luis <\/div> <div class=\"ti-date\"><\/div> <\/div> <\/div> <span class=\"ti-stars\"><div class=\"ti-rating-box\">10<\/div><span class=\"ti-verified-review\"><span class=\"ti-verified-tooltip\">Verificada<\/span><\/span><\/span> <div class=\"ti-review-content\"><!-- R-CONTENT --><strong>Excepcional<\/strong>\n\u263a Localizaci\u00f3n envidiable . Terraza de desayuno espectacular<!-- R-CONTENT --><\/div> <span class=\"ti-read-more\" data-container=\".ti-review-content\" data-collapse-text=\"Ocultar\" data-open-text=\"Leer m\u00e1s\"><\/span> <\/div> <\/div>  <div data-empty=\"0\" data-time=\"1682035200\" class=\"ti-review-item source-Booking\" > <div class=\"ti-inner\"> <div class=\"ti-review-header\"> <div class=\"ti-profile-img\"> <img decoding=\"async\" src=\"https:\/\/cf.bstatic.com\/static\/img\/review\/avatars\/ava-t\/7eb52a437de4a380f7666d4a62da6e64294cd321.png\" alt=\"Torsten\" \/> <\/div> <div class=\"ti-profile-details\"> <div class=\"ti-name\"> Torsten <\/div> <div class=\"ti-date\"><\/div> <\/div> <\/div> <span class=\"ti-stars\"><div class=\"ti-rating-box\">10<\/div><span class=\"ti-verified-review\"><span class=\"ti-verified-tooltip\">Verificada<\/span><\/span><\/span> <div class=\"ti-review-content\"><!-- R-CONTENT -->\u263aEin richtig sch\u00f6nes kleines famili\u00e4r gef\u00fchrtes Hotel zum Ankommen und Wohlf\u00fchlen direkt am kleinen Strand von Tamariu.\nWer hier in der Morgensonne beim Fr\u00fchst\u00fcck, wenn noch alles ruhig und leer ist, nicht gl\u00fccklich ist, dem ist nicht zu helfen.<!-- R-CONTENT --><\/div> <span class=\"ti-read-more\" data-container=\".ti-review-content\" data-collapse-text=\"Ocultar\" data-open-text=\"Leer m\u00e1s\"><\/span> <\/div> <\/div>  <div data-empty=\"0\" data-time=\"1682035200\" class=\"ti-review-item source-Booking\" > <div class=\"ti-inner\"> <div class=\"ti-review-header\"> <div class=\"ti-profile-img\"> <img decoding=\"async\" src=\"https:\/\/cf.bstatic.com\/static\/img\/review\/avatars\/ava-r\/29d5c93ac6953138bfc6f214a4c5a0f8b712b57b.png\" alt=\"Raymonde\" \/> <\/div> <div class=\"ti-profile-details\"> <div class=\"ti-name\"> Raymonde <\/div> <div class=\"ti-date\"><\/div> <\/div> <\/div> <span class=\"ti-stars\"><div class=\"ti-rating-box\">10<\/div><span class=\"ti-verified-review\"><span class=\"ti-verified-tooltip\">Verificada<\/span><\/span><\/span> <div class=\"ti-review-content\"><!-- R-CONTENT --><strong>D\u00e9paysement<\/strong>\n\u263aPetit d\u00e9jeuner excellent \nAccueil super. Personnel tr\u00e8s agr\u00e9able<!-- R-CONTENT --><\/div> <span class=\"ti-read-more\" data-container=\".ti-review-content\" data-collapse-text=\"Ocultar\" data-open-text=\"Leer m\u00e1s\"><\/span> <\/div> <\/div>  <div data-empty=\"0\" data-time=\"1681776000\" class=\"ti-review-item source-Booking\" > <div class=\"ti-inner\"> <div class=\"ti-review-header\"> <div class=\"ti-profile-img\"> <img decoding=\"async\" src=\"https:\/\/cf.bstatic.com\/static\/img\/review\/avatars\/ava-m\/0e43c9b9a23d334b52510a328641c048847226bc.png\" alt=\"Michel\" \/> <\/div> <div class=\"ti-profile-details\"> <div class=\"ti-name\"> Michel <\/div> <div class=\"ti-date\"><\/div> <\/div> <\/div> <span class=\"ti-stars\"><div class=\"ti-rating-box\">10<\/div><span class=\"ti-verified-review\"><span class=\"ti-verified-tooltip\">Verificada<\/span><\/span><\/span> <div class=\"ti-review-content\"><!-- R-CONTENT -->\u263aTout\n\n\u2639Rien<!-- R-CONTENT --><\/div> <span class=\"ti-read-more\" data-container=\".ti-review-content\" data-collapse-text=\"Ocultar\" data-open-text=\"Leer m\u00e1s\"><\/span> <\/div> <\/div>  <div data-empty=\"0\" data-time=\"1681516800\" class=\"ti-review-item source-Booking\" > <div class=\"ti-inner\"> <div class=\"ti-review-header\"> <div class=\"ti-profile-img\"> <img decoding=\"async\" src=\"https:\/\/cf.bstatic.com\/static\/img\/review\/avatars\/ava-a\/2c7be68fb3f987f1352e7b289d4b24137e1a283d.png\" alt=\"Anna\" \/> <\/div> <div class=\"ti-profile-details\"> <div class=\"ti-name\"> Anna <\/div> <div class=\"ti-date\"><\/div> <\/div> <\/div> <span class=\"ti-stars\"><div class=\"ti-rating-box\">10<\/div><span class=\"ti-verified-review\"><span class=\"ti-verified-tooltip\">Verificada<\/span><\/span><\/span> <div class=\"ti-review-content\"><!-- R-CONTENT --><strong>Excepcional<\/strong><!-- R-CONTENT --><\/div> <span class=\"ti-read-more\" data-container=\".ti-review-content\" data-collapse-text=\"Ocultar\" data-open-text=\"Leer m\u00e1s\"><\/span> <\/div> <\/div>  <div data-empty=\"0\" data-time=\"1681257600\" class=\"ti-review-item source-Booking\" > <div class=\"ti-inner\"> <div class=\"ti-review-header\"> <div class=\"ti-profile-img\"> <img decoding=\"async\" src=\"https:\/\/cf.bstatic.com\/static\/img\/review\/avatars\/ava-a\/2c7be68fb3f987f1352e7b289d4b24137e1a283d.png\" alt=\"An\u00f3nimo\" \/> <\/div> <div class=\"ti-profile-details\"> <div class=\"ti-name\"> An\u00f3nimo <\/div> <div class=\"ti-date\"><\/div> <\/div> <\/div> <span class=\"ti-stars\"><div class=\"ti-rating-box\">10<\/div><span class=\"ti-verified-review\"><span class=\"ti-verified-tooltip\">Verificada<\/span><\/span><\/span> <div class=\"ti-review-content\"><!-- R-CONTENT --><strong>estupenda tanto el hotel como las personas qu\u00e9 nos atendieron estupendamente por supuesto qu\u00e9 vuelvo otra vez<\/strong>\n\u263a la ubicaci\u00f3n y la limpieza de 10\n\n\u2639 no hab\u00eda nada que no me gustara<!-- R-CONTENT --><\/div> <span class=\"ti-read-more\" data-container=\".ti-review-content\" data-collapse-text=\"Ocultar\" data-open-text=\"Leer m\u00e1s\"><\/span> <\/div> <\/div>  <div data-empty=\"0\" data-time=\"1681257600\" class=\"ti-review-item source-Booking\" > <div class=\"ti-inner\"> <div class=\"ti-review-header\"> <div class=\"ti-profile-img\"> <img decoding=\"async\" src=\"https:\/\/cdn.trustindex.io\/assets\/default-avatar\/noprofile-07.svg\" alt=\"Claire\" \/> <\/div> <div class=\"ti-profile-details\"> <div class=\"ti-name\"> Claire <\/div> <div class=\"ti-date\"><\/div> <\/div> <\/div> <span class=\"ti-stars\"><div class=\"ti-rating-box\">10<\/div><span class=\"ti-verified-review\"><span class=\"ti-verified-tooltip\">Verificada<\/span><\/span><\/span> <div class=\"ti-review-content\"><!-- R-CONTENT --><strong>Excellent s\u00e9jour \u00e0 l'H\u00f4tel Tamariu<\/strong>\n\u263aTr\u00e8s bon accueil \u00e0 notre arriv\u00e9e, notre h\u00f4tesse parlait parfaitement fran\u00e7ais. La chambre \u00e9tait spacieuse, un balcon avec vue sur la mer, une grande salle de bain. Le buffet du petit d\u00e9jeuner compris dans la r\u00e9servation excellent. Le personnel toujours \u00e0 l'\u00e9coute et soucieux de notre Bien \u00catre. Nous avons \u00e9t\u00e9 charm\u00e9s par ce s\u00e9jour.\n\n\u2639RAS<!-- R-CONTENT --><\/div> <span class=\"ti-read-more\" data-container=\".ti-review-content\" data-collapse-text=\"Ocultar\" data-open-text=\"Leer m\u00e1s\"><\/span> <\/div> <\/div>  <div data-empty=\"0\" data-time=\"1681257600\" class=\"ti-review-item source-Booking\" > <div class=\"ti-inner\"> <div class=\"ti-review-header\"> <div class=\"ti-profile-img\"> <img decoding=\"async\" src=\"https:\/\/cf.bstatic.com\/static\/img\/review\/avatars\/ava-f\/8ecb6dbf787bac20deb3945d9c8a8b1c94cc5e64.png\" alt=\"Fabrice\" \/> <\/div> <div class=\"ti-profile-details\"> <div class=\"ti-name\"> Fabrice <\/div> <div class=\"ti-date\"><\/div> <\/div> <\/div> <span class=\"ti-stars\"><div class=\"ti-rating-box\">9.0<\/div><span class=\"ti-verified-review\"><span class=\"ti-verified-tooltip\">Verificada<\/span><\/span><\/span> <div class=\"ti-review-content\"><!-- R-CONTENT --><strong>Tr\u00e8s bel endroit, h\u00f4tel fort agr\u00e9able.<\/strong>\n\u263aTamariu est une magnifique petite crique, l'h\u00f4tel tr\u00e8s bien plac\u00e9, confortable, avec un personnel agr\u00e9able. La terrasse donne directement sur la mer. Tr\u00e8s bonnes tapas.<!-- R-CONTENT --><\/div> <span class=\"ti-read-more\" data-container=\".ti-review-content\" data-collapse-text=\"Ocultar\" data-open-text=\"Leer m\u00e1s\"><\/span> <\/div> <\/div>  <\/div> <div class=\"ti-controls-dots\"> <div class=\"dot active\"><\/div> <\/div> <\/div> <\/div> <\/div><\/pre>\n\n<\/div><!-- .vgblk-rw-wrapper -->","protected":false},"excerpt":{"rendered":"<p>Hotel Tamariu Des de 1930 Reservar Hotel tranquil i familiar a la mateixa platja de Tamariu Amb una privilegiada situaci\u00f3 a primera l\u00ednia de mar, \u00e9s un bon punt de partida per con\u00e8ixer tot l&#8217;entorn de la Costa Brava. Busques desconnectar de la rutina, fer una escapada familiar o sorprendre la teva parella? Amb el&#8230;<\/p>\n","protected":false},"author":1,"featured_media":0,"parent":0,"menu_order":0,"comment_status":"closed","ping_status":"closed","template":"","meta":{"inline_featured_image":false,"footnotes":""},"yst_prominent_words":[],"class_list":["post-19255","page","type-page","status-publish","hentry"],"_links":{"self":[{"href":"https:\/\/tamariu.com\/ca\/wp-json\/wp\/v2\/pages\/19255"}],"collection":[{"href":"https:\/\/tamariu.com\/ca\/wp-json\/wp\/v2\/pages"}],"about":[{"href":"https:\/\/tamariu.com\/ca\/wp-json\/wp\/v2\/types\/page"}],"author":[{"embeddable":true,"href":"https:\/\/tamariu.com\/ca\/wp-json\/wp\/v2\/users\/1"}],"replies":[{"embeddable":true,"href":"https:\/\/tamariu.com\/ca\/wp-json\/wp\/v2\/comments?post=19255"}],"version-history":[{"count":11,"href":"https:\/\/tamariu.com\/ca\/wp-json\/wp\/v2\/pages\/19255\/revisions"}],"predecessor-version":[{"id":20983,"href":"https:\/\/tamariu.com\/ca\/wp-json\/wp\/v2\/pages\/19255\/revisions\/20983"}],"wp:attachment":[{"href":"https:\/\/tamariu.com\/ca\/wp-json\/wp\/v2\/media?parent=19255"}],"wp:term":[{"taxonomy":"yst_prominent_words","embeddable":true,"href":"https:\/\/tamariu.com\/ca\/wp-json\/wp\/v2\/yst_prominent_words?post=19255"}],"curies":[{"name":"wp","href":"https:\/\/api.w.org\/{rel}","templated":true}]}}