{"id":19736,"date":"2020-06-04T11:47:24","date_gmt":"2020-06-04T11:47:24","guid":{"rendered":"https:\/\/tamariu.com\/?page_id=19736"},"modified":"2020-12-07T13:01:25","modified_gmt":"2020-12-07T13:01:25","slug":"xec-regal","status":"publish","type":"page","link":"https:\/\/tamariu.com\/ca\/xec-regal\/","title":{"rendered":"Cheque regalo CA"},"content":{"rendered":"<div class=\"vgblk-rw-wrapper limit-wrapper\">\n\t<h1>Xec regal<\/h1>\n\t<p><strong>Regala una estada a l&#8217;Hotel Tamariu<\/strong><\/p>\n<p>T&#8217;agradaria obsequiar alg\u00fa amb una <strong>escapada a la Costa Brava<\/strong>? Regala una <strong>escapada rom\u00e0ntica en una habitaci\u00f3 amb vistes a la mar<\/strong>, de cap de setmana, gastron\u00f2mica o el que tu vulguis entre tots els nostres serveis.<\/p>\n\t<p><strong>Condiciones<\/strong><\/p>\n<ol>\n<li>Tiene una vigencia de 12 meses desde su fecha de emisi\u00f3n.<\/li>\n<li>Es v\u00e1lido todos los d\u00edas del a\u00f1o, sujeto a la disponibilidad del hotel.<\/li>\n<li>Imprescindible hacer reserva previa en el 972 620 031 o info@tamariu.com y, en el momento de realizarla, se debe informar del n\u00famero del cheque.<\/li>\n<\/ol>\n<\/div><!-- .vgblk-rw-wrapper -->","protected":false},"excerpt":{"rendered":"<p>Xec regal Regala una estada a l&#8217;Hotel Tamariu T&#8217;agradaria obsequiar alg\u00fa amb una escapada a la Costa Brava? Regala una escapada rom\u00e0ntica en una habitaci\u00f3 amb vistes a la mar, de cap de setmana, gastron\u00f2mica o el que tu vulguis entre tots els nostres serveis. Condiciones Tiene una vigencia de 12 meses desde su fecha&#8230;<\/p>\n","protected":false},"author":1,"featured_media":0,"parent":0,"menu_order":0,"comment_status":"closed","ping_status":"closed","template":"","meta":{"inline_featured_image":false,"footnotes":""},"yst_prominent_words":[859,858],"class_list":["post-19736","page","type-page","status-publish","hentry"],"_links":{"self":[{"href":"https:\/\/tamariu.com\/ca\/wp-json\/wp\/v2\/pages\/19736"}],"collection":[{"href":"https:\/\/tamariu.com\/ca\/wp-json\/wp\/v2\/pages"}],"about":[{"href":"https:\/\/tamariu.com\/ca\/wp-json\/wp\/v2\/types\/page"}],"author":[{"embeddable":true,"href":"https:\/\/tamariu.com\/ca\/wp-json\/wp\/v2\/users\/1"}],"replies":[{"embeddable":true,"href":"https:\/\/tamariu.com\/ca\/wp-json\/wp\/v2\/comments?post=19736"}],"version-history":[{"count":0,"href":"https:\/\/tamariu.com\/ca\/wp-json\/wp\/v2\/pages\/19736\/revisions"}],"wp:attachment":[{"href":"https:\/\/tamariu.com\/ca\/wp-json\/wp\/v2\/media?parent=19736"}],"wp:term":[{"taxonomy":"yst_prominent_words","embeddable":true,"href":"https:\/\/tamariu.com\/ca\/wp-json\/wp\/v2\/yst_prominent_words?post=19736"}],"curies":[{"name":"wp","href":"https:\/\/api.w.org\/{rel}","templated":true}]}}