{"id":19290,"date":"2017-09-03T22:38:55","date_gmt":"2017-09-03T22:38:55","guid":{"rendered":"https:\/\/tamariu.com\/home-page-3\/"},"modified":"2026-03-05T23:08:36","modified_gmt":"2026-03-05T23:08:36","slug":"home-page-3","status":"publish","type":"page","link":"https:\/\/tamariu.com\/en\/","title":{"rendered":"Inicio EN"},"content":{"rendered":"<div class=\"vgblk-rw-wrapper limit-wrapper\">\n<h1>\n\tHotel Tamariu\n\t<\/h1>\n\tSince 1930<br \/>\n\n\t<a href=\"https:\/\/tamariu.com\/en\/booking\/\" target=\"_self\" role=\"button\" rel=\"noopener\">\n\t\t\t\t\tBook Now\n\t<\/a>\n\t<h1>Quiet and family-run hotel on the beach in Tamariu<\/h1>\n\t<p><strong>With a privileged location on the seafront, it is a good starting point to get to know the entire environment of the Costa Brava.<\/strong><\/p>\n<p>Are you looking for to disconnect from the routine, make a family getaway or surprise your partner? With the Mediterranean Sea as a companion, you will be able to enjoy the beach, the hidden coves, the sun and the peace.<\/p>\n<p>At the Hotel Tamariu we offer you staying in a room with sea views, staying in one of our apartments or eat with sea views in our Snack-Bar. If you prefer a little action, you can also do kayaking, diving, hiking and all kinds of nautical activities.<\/p>\n<p>Come and enjoy the natural charm of Tamariu!<\/p>\n\t\t\t\t\t\t\t\t\t<img loading=\"lazy\" decoding=\"async\" src=\"https:\/\/tamariu.com\/wp-content\/uploads\/suite-2.jpg\" alt=\"Suite con terraza y vistas al mar\" itemprop=\"image\" height=\"800\" width=\"1200\" title=\"Suite con terraza y vistas al mar\" onerror=\"this.style.display='none'\"  \/>\n<h2>\n\tRooms\n\t<\/h2>\n\tSome of our rooms have sea views.<br \/>\n\n<p>We have 17 rooms with complete bathroom, air conditioning, television, telephone and free Wi-Fi. Choose from our rooms the one that suits your needs: sea views, terrace &#8230;<\/p>\n\t<a href=\"https:\/\/tamariu.com\/en\/rooms\/\" target=\"_self\" role=\"button\" rel=\"noopener\">\n\t\t\t\t\tSEE ROOMS\n\t<\/a>\n<h2>\n\tSnack-Bar\n\t<\/h2>\n\tLa Salada<br \/>\n\nWe have a varied menu of salads, starters, sandwiches and toast throughout the day, accompanied by a varied menu of drinks and local wines. The Snack-Bar is located at the foot of the beach and has a terrace with magnificent sea views where you can enjoy of a quiet atmosphere alone or accompanied.<br \/>\n\n\t<a href=\"https:\/\/tamariu.com\/en\/restaurant\/\" target=\"_self\" role=\"button\" rel=\"noopener\">\n\t\t\t\t\tSEE SNACK-BAR\n\t<\/a>\n\t\t\t\t\t\t\t\t\t<img loading=\"lazy\" decoding=\"async\" src=\"https:\/\/tamariu.com\/wp-content\/uploads\/snack-bar-2.jpg\" alt=\"snack-bar-2\" itemprop=\"image\" height=\"1108\" width=\"1900\" title=\"snack-bar-2\" onerror=\"this.style.display='none'\"  \/>\n\t\t\t\t\t\t\t\t\t<img loading=\"lazy\" decoding=\"async\" src=\"https:\/\/tamariu.com\/wp-content\/uploads\/hotel-tamariu-3.jpg\" alt=\"hotel-tamariu-3\" itemprop=\"image\" height=\"701\" width=\"1024\" title=\"hotel-tamariu-3\" onerror=\"this.style.display='none'\"  \/>\n<h2>\n\tApartments\n\t<\/h2>\n\tCapacity for up to 8 people.<br \/>\n\nWe have several comfortable and modern apartments next to the hotel, with 2 and 3 bedrooms, air conditioning and capacity for up to 8 people. Some of them have their own parking space.<br \/>\n\n\t<a href=\"https:\/\/tamariu.com\/en\/apartments\/\" target=\"_self\" role=\"button\" rel=\"noopener\">\n\t\t\t\t\tSEE APARTMENTS\n\t<\/a>\n\t\t\t\t\t\t\t\t\t<img loading=\"lazy\" decoding=\"async\" src=\"https:\/\/tamariu.com\/wp-content\/uploads\/hotel-tamariu-62.jpg\" alt=\"hotel-tamariu-62\" itemprop=\"image\" height=\"1085\" width=\"1600\" title=\"hotel-tamariu-62\" onerror=\"this.style.display='none'\"  \/>\n<h2>\n\tDiscover Tamariu\n\t<\/h2>\n\tDiscover everything you can see and do in one of the most beautiful towns of the Costa Brava.<br \/>\n\n<p>Tamariu attracts visitors for its almost virgin appearance and the calm atmosphere that it can be breathed. An isolated landscape, covered with stones and thick vegetation, with a coastline dotted with coves and a bay with deep and transparent water. It is an invitation to enjoy a few days of resting and disconnecting.<\/p>\n\t<a href=\"https:\/\/tamariu.com\/en\/tamariu\/\" target=\"_self\" role=\"button\" rel=\"noopener\">\n\t\t\t\t\tSEE MORE\n\t<\/a>\n\t\t<iframe src=\"https:\/\/maps.google.com\/maps?q=Hotel+Tamariu&#038;iwloc=near&#038;output=embed\" height=\"400\" frameborder=\"0\" loading=\"lazy\"><\/iframe>\n\t<a href=\"https:\/\/www.google.es\/maps\/dir\/\/Hotel+Tamariu+Restaurant,+Passeig+del+Mar,+2,+17212+Tamariu,+Girona\/@41.9182701,3.2074318,15z\" target=\"_blank\" role=\"button\" rel=\"noopener\">\n\t\t\t\t\tGET DIRECTIONS\n\t<\/a>\n\t<pre class=\"ti-widget\" style=\"display: none\"><div class=\"ti-widget ti-book ti-show-rating-text ti-review-text-mode-readmore ti-text-align-left\" data-no-translation=\"true\" data-time-locale=\"hace %d %s|hoy|d\u00eda|d\u00edas|semana|semanas|mes|meses|a\u00f1o|a\u00f1os\" data-layout-id=\"5\" data-set-id=\"light-background\" data-pid=\"b5167179c03e50ec942cb\" data-pager-autoplay-timeout=\"6\" > <div class=\"ti-widget-container ti-col-4\"> <div class=\"ti-footer source-Booking\"> <div class=\"ti-large-logo\"> <div class=\"ti-v-center\"> <img loading=\"lazy\" decoding=\"async\" class=\"ti-logo-fb\" src=\"https:\/\/cdn.trustindex.io\/assets\/platform\/Booking\/logo.svg\" width=\"150\" height=\"25\" alt=\"Booking\" \/> <\/div> <\/div> <span class=\"ti-stars star-lg\"> <div class='ti-rating-box'>9.1<\/div> <\/span> <div class=\"ti-rating-text\"> <strong class=\"ti-rating\"> EXCELENTE <\/strong> <span class=\"nowrap\">A base de <strong>434 evaluaciones<\/strong><\/span> <\/div> <\/div> <div class=\"ti-reviews-container\"> <div class=\"ti-controls\"> <div class=\"ti-next\"><\/div> <div class=\"ti-prev\"><\/div> <\/div> <div class=\"ti-reviews-container-wrapper\">  <div data-empty=\"0\" data-time=\"1682294400\" class=\"ti-review-item source-Booking\" > <div class=\"ti-inner\"> <div class=\"ti-review-header\"> <div class=\"ti-profile-img\"> <img decoding=\"async\" src=\"https:\/\/cf.bstatic.com\/static\/img\/review\/avatars\/ava-j\/f69a0f45af414641ac0371c1f139c49637969c6c.png\" alt=\"Juan\" \/> <\/div> <div class=\"ti-profile-details\"> <div class=\"ti-name\"> Juan <\/div> <div class=\"ti-date\"><\/div> <\/div> <\/div> <span class=\"ti-stars\"><div class=\"ti-rating-box\">8.0<\/div><span class=\"ti-verified-review\"><span class=\"ti-verified-tooltip\">Verificada<\/span><\/span><\/span> <div class=\"ti-review-content\"><!-- R-CONTENT --><strong>Muy bien<\/strong><!-- R-CONTENT --><\/div> <span class=\"ti-read-more\" data-container=\".ti-review-content\" data-collapse-text=\"Ocultar\" data-open-text=\"Leer m\u00e1s\"><\/span> <\/div> <\/div>  <div data-empty=\"0\" data-time=\"1682208000\" class=\"ti-review-item source-Booking\" > <div class=\"ti-inner\"> <div class=\"ti-review-header\"> <div class=\"ti-profile-img\"> <img decoding=\"async\" src=\"https:\/\/cf.bstatic.com\/static\/img\/review\/avatars\/ava-f\/8ecb6dbf787bac20deb3945d9c8a8b1c94cc5e64.png\" alt=\"Francisco\" \/> <\/div> <div class=\"ti-profile-details\"> <div class=\"ti-name\"> Francisco <\/div> <div class=\"ti-date\"><\/div> <\/div> <\/div> <span class=\"ti-stars\"><div class=\"ti-rating-box\">10<\/div><span class=\"ti-verified-review\"><span class=\"ti-verified-tooltip\">Verificada<\/span><\/span><\/span> <div class=\"ti-review-content\"><!-- R-CONTENT --><strong>De lo mejor de la Costa Brava en plan familiar<\/strong>\n\u263a Nos gust\u00f3 todo. Es un hotel muy acogedor. Su ubicaci\u00f3n es inmejorable. Nos dieron habitaciones con balc\u00f3n y vistas al mar. Las vistas son extraordinarias. La atencion muy buena por todo el personal. El desayuno de calidad y m\u00e1s que suficiente. La limpieza impecable en todo el hotel, especialmente en lavabo y habitaci\u00f3n.\n\n\u2639 No hay nada que no me gustase, ser\u00eda imposible decir algo negativo.<!-- R-CONTENT --><\/div> <span class=\"ti-read-more\" data-container=\".ti-review-content\" data-collapse-text=\"Ocultar\" data-open-text=\"Leer m\u00e1s\"><\/span> <\/div> <\/div>  <div data-empty=\"0\" data-time=\"1682121600\" class=\"ti-review-item source-Booking\" > <div class=\"ti-inner\"> <div class=\"ti-review-header\"> <div class=\"ti-profile-img\"> <img decoding=\"async\" src=\"https:\/\/lh3.googleusercontent.com\/a\/AATXAJzb6OvsEFwI6yfz4Qqx-NRqHUhNsUTxVU9ZS3uO=s96-c\" alt=\"Luis\" \/> <\/div> <div class=\"ti-profile-details\"> <div class=\"ti-name\"> Luis <\/div> <div class=\"ti-date\"><\/div> <\/div> <\/div> <span class=\"ti-stars\"><div class=\"ti-rating-box\">10<\/div><span class=\"ti-verified-review\"><span class=\"ti-verified-tooltip\">Verificada<\/span><\/span><\/span> <div class=\"ti-review-content\"><!-- R-CONTENT --><strong>Excepcional<\/strong>\n\u263a Localizaci\u00f3n envidiable . Terraza de desayuno espectacular<!-- R-CONTENT --><\/div> <span class=\"ti-read-more\" data-container=\".ti-review-content\" data-collapse-text=\"Ocultar\" data-open-text=\"Leer m\u00e1s\"><\/span> <\/div> <\/div>  <div data-empty=\"0\" data-time=\"1682035200\" class=\"ti-review-item source-Booking\" > <div class=\"ti-inner\"> <div class=\"ti-review-header\"> <div class=\"ti-profile-img\"> <img decoding=\"async\" src=\"https:\/\/cf.bstatic.com\/static\/img\/review\/avatars\/ava-t\/7eb52a437de4a380f7666d4a62da6e64294cd321.png\" alt=\"Torsten\" \/> <\/div> <div class=\"ti-profile-details\"> <div class=\"ti-name\"> Torsten <\/div> <div class=\"ti-date\"><\/div> <\/div> <\/div> <span class=\"ti-stars\"><div class=\"ti-rating-box\">10<\/div><span class=\"ti-verified-review\"><span class=\"ti-verified-tooltip\">Verificada<\/span><\/span><\/span> <div class=\"ti-review-content\"><!-- R-CONTENT -->\u263aEin richtig sch\u00f6nes kleines famili\u00e4r gef\u00fchrtes Hotel zum Ankommen und Wohlf\u00fchlen direkt am kleinen Strand von Tamariu.\nWer hier in der Morgensonne beim Fr\u00fchst\u00fcck, wenn noch alles ruhig und leer ist, nicht gl\u00fccklich ist, dem ist nicht zu helfen.<!-- R-CONTENT --><\/div> <span class=\"ti-read-more\" data-container=\".ti-review-content\" data-collapse-text=\"Ocultar\" data-open-text=\"Leer m\u00e1s\"><\/span> <\/div> <\/div>  <div data-empty=\"0\" data-time=\"1682035200\" class=\"ti-review-item source-Booking\" > <div class=\"ti-inner\"> <div class=\"ti-review-header\"> <div class=\"ti-profile-img\"> <img decoding=\"async\" src=\"https:\/\/cf.bstatic.com\/static\/img\/review\/avatars\/ava-r\/29d5c93ac6953138bfc6f214a4c5a0f8b712b57b.png\" alt=\"Raymonde\" \/> <\/div> <div class=\"ti-profile-details\"> <div class=\"ti-name\"> Raymonde <\/div> <div class=\"ti-date\"><\/div> <\/div> <\/div> <span class=\"ti-stars\"><div class=\"ti-rating-box\">10<\/div><span class=\"ti-verified-review\"><span class=\"ti-verified-tooltip\">Verificada<\/span><\/span><\/span> <div class=\"ti-review-content\"><!-- R-CONTENT --><strong>D\u00e9paysement<\/strong>\n\u263aPetit d\u00e9jeuner excellent \nAccueil super. Personnel tr\u00e8s agr\u00e9able<!-- R-CONTENT --><\/div> <span class=\"ti-read-more\" data-container=\".ti-review-content\" data-collapse-text=\"Ocultar\" data-open-text=\"Leer m\u00e1s\"><\/span> <\/div> <\/div>  <div data-empty=\"0\" data-time=\"1681776000\" class=\"ti-review-item source-Booking\" > <div class=\"ti-inner\"> <div class=\"ti-review-header\"> <div class=\"ti-profile-img\"> <img decoding=\"async\" src=\"https:\/\/cf.bstatic.com\/static\/img\/review\/avatars\/ava-m\/0e43c9b9a23d334b52510a328641c048847226bc.png\" alt=\"Michel\" \/> <\/div> <div class=\"ti-profile-details\"> <div class=\"ti-name\"> Michel <\/div> <div class=\"ti-date\"><\/div> <\/div> <\/div> <span class=\"ti-stars\"><div class=\"ti-rating-box\">10<\/div><span class=\"ti-verified-review\"><span class=\"ti-verified-tooltip\">Verificada<\/span><\/span><\/span> <div class=\"ti-review-content\"><!-- R-CONTENT -->\u263aTout\n\n\u2639Rien<!-- R-CONTENT --><\/div> <span class=\"ti-read-more\" data-container=\".ti-review-content\" data-collapse-text=\"Ocultar\" data-open-text=\"Leer m\u00e1s\"><\/span> <\/div> <\/div>  <div data-empty=\"0\" data-time=\"1681516800\" class=\"ti-review-item source-Booking\" > <div class=\"ti-inner\"> <div class=\"ti-review-header\"> <div class=\"ti-profile-img\"> <img decoding=\"async\" src=\"https:\/\/cf.bstatic.com\/static\/img\/review\/avatars\/ava-a\/2c7be68fb3f987f1352e7b289d4b24137e1a283d.png\" alt=\"Anna\" \/> <\/div> <div class=\"ti-profile-details\"> <div class=\"ti-name\"> Anna <\/div> <div class=\"ti-date\"><\/div> <\/div> <\/div> <span class=\"ti-stars\"><div class=\"ti-rating-box\">10<\/div><span class=\"ti-verified-review\"><span class=\"ti-verified-tooltip\">Verificada<\/span><\/span><\/span> <div class=\"ti-review-content\"><!-- R-CONTENT --><strong>Excepcional<\/strong><!-- R-CONTENT --><\/div> <span class=\"ti-read-more\" data-container=\".ti-review-content\" data-collapse-text=\"Ocultar\" data-open-text=\"Leer m\u00e1s\"><\/span> <\/div> <\/div>  <div data-empty=\"0\" data-time=\"1681257600\" class=\"ti-review-item source-Booking\" > <div class=\"ti-inner\"> <div class=\"ti-review-header\"> <div class=\"ti-profile-img\"> <img decoding=\"async\" src=\"https:\/\/cf.bstatic.com\/static\/img\/review\/avatars\/ava-a\/2c7be68fb3f987f1352e7b289d4b24137e1a283d.png\" alt=\"An\u00f3nimo\" \/> <\/div> <div class=\"ti-profile-details\"> <div class=\"ti-name\"> An\u00f3nimo <\/div> <div class=\"ti-date\"><\/div> <\/div> <\/div> <span class=\"ti-stars\"><div class=\"ti-rating-box\">10<\/div><span class=\"ti-verified-review\"><span class=\"ti-verified-tooltip\">Verificada<\/span><\/span><\/span> <div class=\"ti-review-content\"><!-- R-CONTENT --><strong>estupenda tanto el hotel como las personas qu\u00e9 nos atendieron estupendamente por supuesto qu\u00e9 vuelvo otra vez<\/strong>\n\u263a la ubicaci\u00f3n y la limpieza de 10\n\n\u2639 no hab\u00eda nada que no me gustara<!-- R-CONTENT --><\/div> <span class=\"ti-read-more\" data-container=\".ti-review-content\" data-collapse-text=\"Ocultar\" data-open-text=\"Leer m\u00e1s\"><\/span> <\/div> <\/div>  <div data-empty=\"0\" data-time=\"1681257600\" class=\"ti-review-item source-Booking\" > <div class=\"ti-inner\"> <div class=\"ti-review-header\"> <div class=\"ti-profile-img\"> <img decoding=\"async\" src=\"https:\/\/cdn.trustindex.io\/assets\/default-avatar\/noprofile-07.svg\" alt=\"Claire\" \/> <\/div> <div class=\"ti-profile-details\"> <div class=\"ti-name\"> Claire <\/div> <div class=\"ti-date\"><\/div> <\/div> <\/div> <span class=\"ti-stars\"><div class=\"ti-rating-box\">10<\/div><span class=\"ti-verified-review\"><span class=\"ti-verified-tooltip\">Verificada<\/span><\/span><\/span> <div class=\"ti-review-content\"><!-- R-CONTENT --><strong>Excellent s\u00e9jour \u00e0 l'H\u00f4tel Tamariu<\/strong>\n\u263aTr\u00e8s bon accueil \u00e0 notre arriv\u00e9e, notre h\u00f4tesse parlait parfaitement fran\u00e7ais. La chambre \u00e9tait spacieuse, un balcon avec vue sur la mer, une grande salle de bain. Le buffet du petit d\u00e9jeuner compris dans la r\u00e9servation excellent. Le personnel toujours \u00e0 l'\u00e9coute et soucieux de notre Bien \u00catre. Nous avons \u00e9t\u00e9 charm\u00e9s par ce s\u00e9jour.\n\n\u2639RAS<!-- R-CONTENT --><\/div> <span class=\"ti-read-more\" data-container=\".ti-review-content\" data-collapse-text=\"Ocultar\" data-open-text=\"Leer m\u00e1s\"><\/span> <\/div> <\/div>  <div data-empty=\"0\" data-time=\"1681257600\" class=\"ti-review-item source-Booking\" > <div class=\"ti-inner\"> <div class=\"ti-review-header\"> <div class=\"ti-profile-img\"> <img decoding=\"async\" src=\"https:\/\/cf.bstatic.com\/static\/img\/review\/avatars\/ava-f\/8ecb6dbf787bac20deb3945d9c8a8b1c94cc5e64.png\" alt=\"Fabrice\" \/> <\/div> <div class=\"ti-profile-details\"> <div class=\"ti-name\"> Fabrice <\/div> <div class=\"ti-date\"><\/div> <\/div> <\/div> <span class=\"ti-stars\"><div class=\"ti-rating-box\">9.0<\/div><span class=\"ti-verified-review\"><span class=\"ti-verified-tooltip\">Verificada<\/span><\/span><\/span> <div class=\"ti-review-content\"><!-- R-CONTENT --><strong>Tr\u00e8s bel endroit, h\u00f4tel fort agr\u00e9able.<\/strong>\n\u263aTamariu est une magnifique petite crique, l'h\u00f4tel tr\u00e8s bien plac\u00e9, confortable, avec un personnel agr\u00e9able. La terrasse donne directement sur la mer. Tr\u00e8s bonnes tapas.<!-- R-CONTENT --><\/div> <span class=\"ti-read-more\" data-container=\".ti-review-content\" data-collapse-text=\"Ocultar\" data-open-text=\"Leer m\u00e1s\"><\/span> <\/div> <\/div>  <\/div> <div class=\"ti-controls-dots\"> <div class=\"dot active\"><\/div> <\/div> <\/div> <\/div> <\/div><\/pre>\n\n<\/div><!-- .vgblk-rw-wrapper -->","protected":false},"excerpt":{"rendered":"<p>Hotel Tamariu Since 1930 Book Now Quiet and family-run hotel on the beach in Tamariu With a privileged location on the seafront, it is a good starting point to get to know the entire environment of the Costa Brava. Are you looking for to disconnect from the routine, make a family getaway or surprise your&#8230;<\/p>\n","protected":false},"author":1,"featured_media":0,"parent":0,"menu_order":0,"comment_status":"closed","ping_status":"closed","template":"","meta":{"inline_featured_image":false,"footnotes":""},"yst_prominent_words":[793,791,696,799,790,797,700,796,795,701,699,798,742,794,740,792,697,728,375,698],"class_list":["post-19290","page","type-page","status-publish","hentry"],"_links":{"self":[{"href":"https:\/\/tamariu.com\/en\/wp-json\/wp\/v2\/pages\/19290"}],"collection":[{"href":"https:\/\/tamariu.com\/en\/wp-json\/wp\/v2\/pages"}],"about":[{"href":"https:\/\/tamariu.com\/en\/wp-json\/wp\/v2\/types\/page"}],"author":[{"embeddable":true,"href":"https:\/\/tamariu.com\/en\/wp-json\/wp\/v2\/users\/1"}],"replies":[{"embeddable":true,"href":"https:\/\/tamariu.com\/en\/wp-json\/wp\/v2\/comments?post=19290"}],"version-history":[{"count":11,"href":"https:\/\/tamariu.com\/en\/wp-json\/wp\/v2\/pages\/19290\/revisions"}],"predecessor-version":[{"id":20973,"href":"https:\/\/tamariu.com\/en\/wp-json\/wp\/v2\/pages\/19290\/revisions\/20973"}],"wp:attachment":[{"href":"https:\/\/tamariu.com\/en\/wp-json\/wp\/v2\/media?parent=19290"}],"wp:term":[{"taxonomy":"yst_prominent_words","embeddable":true,"href":"https:\/\/tamariu.com\/en\/wp-json\/wp\/v2\/yst_prominent_words?post=19290"}],"curies":[{"name":"wp","href":"https:\/\/api.w.org\/{rel}","templated":true}]}}