{"id":19434,"date":"2020-03-21T08:26:01","date_gmt":"2020-03-21T08:26:01","guid":{"rendered":"https:\/\/tamariu.com\/apartamentos\/"},"modified":"2026-02-04T14:30:47","modified_gmt":"2026-02-04T14:30:47","slug":"appartements","status":"publish","type":"page","link":"https:\/\/tamariu.com\/fr\/appartements\/","title":{"rendered":"Apartamentos FR"},"content":{"rendered":"<div class=\"vgblk-rw-wrapper limit-wrapper\">\n<h1>\n\tAppartements Tamariu\n\t<\/h1>\n\t<a href=\"https:\/\/tamariu.com\/fr\/reservations\/\" target=\"_self\" role=\"button\" rel=\"noopener\">\n\t\t\t\t\tR\u00e9server\n\t<\/a>\n\t<h1>Appartements sur la plage de Tamariu<\/h1>\n\t<p><strong>Appartements accueillants et confortables juste \u00e0 c\u00f4t\u00e9 de l&rsquo;h\u00f4tel pouvant accueillir jusqu&rsquo;\u00e0 8 personnes et certains d&rsquo;eux avec parking gratuit.<\/strong><\/p>\n<h2>\n\tCAN NISSO\n\t<\/h2>\n\t<p>Construits sur l&rsquo;ancien site de l&rsquo;annexe de l&rsquo;h\u00f4tel il y a quelques ann\u00e9es, ce sont des appartements de deux \u00e0 trois pi\u00e8ces, avec des finitions de tr\u00e8s haute qualit\u00e9, avec air conditionn\u00e9 et chauffage dans tout l&rsquo;appartement, ascenseur et une place de parking par appartement. Ils sont disponibles toute l&rsquo;ann\u00e9e. <\/p>\n<h3>\n\tDuplex 2A\n\t<\/h3>\n\t<strong>Capacit\u00e9 maximale: 5 personnes<br \/>\n<\/strong>\nAppartement en duplex avec 3 chambres et 2 salles de bain, avec vue sur la rue et la mer, au deuxi\u00e8me \u00e9tage. Parking inclus. HUTG 009886<br \/>\n\n\t\t\t\t\t\t\t\t\t\tBasse saison\t\t\t\t\t\t\t\t\t\n\t\t\t180 \u20ac\n\t\t\t180 \u20ac\n\t\t\t\t\t\t\t\t\t\tMoyenne saison\t\t\t\t\t\t\t\t\t\n\t\t\t230 \u20ac\n\t\t\t230 \u20ac\n\t\t\t\t\t\t\t\t\t\tHaute saison\t\t\t\t\t\t\t\t\t\n\t\t\t300 \u20ac\n\t\t\t300 \u20ac\n\t<a href=\"https:\/\/tamariu.com\/fr\/reservations\/\" target=\"_self\" role=\"button\" rel=\"noopener\">\n\t\t\t\t\tR\u00c9SERVER\n\t<\/a>\n<h3>\n\tAppartement PBA\n\t<\/h3>\n\t<strong>Capacit\u00e9 maximale: 4 personnes<br \/>\n<\/strong>\nAppartement avec 2 chambres et 2 salles de bain, au rez-de-chauss\u00e9e et avec vue sur la rue. Parking inclus. HUTG 009887<br \/>\n\n\t\t\t\t\t\t\t\t\t\tBasse saison\t\t\t\t\t\t\t\t\t\n\t\t\t170 \u20ac\n\t\t\t170 \u20ac\n\t\t\t\t\t\t\t\t\t\tMoyenne saison\t\t\t\t\t\t\t\t\t\n\t\t\t200 \u20ac\n\t\t\t200 \u20ac\n\t\t\t\t\t\t\t\t\t\tHaute saison\t\t\t\t\t\t\t\t\t\n\t\t\t265 \u20ac\n\t\t\t265 \u20ac\n\t<a href=\"https:\/\/tamariu.com\/fr\/reservations\/\" target=\"_self\" role=\"button\" rel=\"noopener\">\n\t\t\t\t\tR\u00c9SERVER\n\t<\/a>\n<h2>\n\tAPPARTEMENTS\n\t<\/h2>\n\tSitu\u00e9 juste derri\u00e8re l&rsquo;h\u00f4tel, r\u00e9nov\u00e9 en 2014. Appartements avec trois chambres doubles, deux salles de bains, cuisine et salle \u00e0 manger. Avec deux canap\u00e9s-lits qui offrent des places suppl\u00e9mentaires. Ils ont de l&rsquo;air conditionn\u00e9 dans la salle \u00e0 manger et des ventilateurs dans les chambres. Disponible de mai \u00e0 septembre.<br \/>\n\n<h3>\n\tJaunes\n\t<\/h3>\n\t<strong>Capacit\u00e9 maximale: 6 personnes + 2 suppl\u00e9mentaires<br \/>\n<\/strong>\nIls ont 1 chambre avec un lit double et une salle de bain compl\u00e8te (douche) dans la m\u00eame chambre, 2 chambres doubles (2 lits), une cour int\u00e9rieure, une salle de bain compl\u00e8te (avec baignoire), une salle \u00e0 manger avec 2 canap\u00e9s-lits, une cuisine compl\u00e8te, une machine \u00e0 laver, un s\u00e8che-linge, air conditionn\u00e9 et wifi. ATG 000038<br \/>\n\n\t\t\t\t\t\t\t\t\t\tBasse saison\t\t\t\t\t\t\t\t\t\n\t\t\t160 \u20ac\n\t\t\t160 \u20ac\n\t\t\t\t\t\t\t\t\t\tMoyenne saison\t\t\t\t\t\t\t\t\t\n\t\t\t200 \u20ac\n\t\t\t200 \u20ac\n\t\t\t\t\t\t\t\t\t\tHaute saison\t\t\t\t\t\t\t\t\t\n\t\t\t260 \u20ac\n\t\t\t260 \u20ac\n\t<a href=\"https:\/\/tamariu.com\/fr\/reservations\/\" target=\"_self\" role=\"button\" rel=\"noopener\">\n\t\t\t\t\tR\u00c9SERVER\n\t<\/a>\n<h3>\n\tVerts\n\t<\/h3>\n\t<strong>Capacit\u00e9 maximale: 5 personnes + 2 suppl\u00e9mentaires<br \/>\n<\/strong>\nIls ont 1 chambre avec un lit double avec une salle de bain compl\u00e8te (douche) dans la m\u00eame chambre, 1 chambre double (2 lits), 1 chambre simple (1 lit), une salle de bain compl\u00e8te (avec baignoire), une salle \u00e0 manger avec 2 canap\u00e9s-lits, une cuisine compl\u00e8te, une machine \u00e0 laver, un s\u00e8che-linge, air conditionn\u00e9 et wifi. ATG 000038<br \/>\n\n\t\t\t\t\t\t\t\t\t\tBasse saison\t\t\t\t\t\t\t\t\t\n\t\t\t150 \u20ac\n\t\t\t150 \u20ac\n\t\t\t\t\t\t\t\t\t\tMoyenne saison\t\t\t\t\t\t\t\t\t\n\t\t\t190 \u20ac\n\t\t\t190 \u20ac\n\t\t\t\t\t\t\t\t\t\tHaute saison\t\t\t\t\t\t\t\t\t\n\t\t\t250 \u20ac\n\t\t\t250 \u20ac\n\t<a href=\"https:\/\/tamariu.com\/fr\/reservations\/\" target=\"_self\" role=\"button\" rel=\"noopener\">\n\t\t\t\t\tR\u00c9SERVER\n\t<\/a>\n\n<\/div><!-- .vgblk-rw-wrapper -->","protected":false},"excerpt":{"rendered":"<p>Appartements Tamariu R\u00e9server Appartements sur la plage de Tamariu Appartements accueillants et confortables juste \u00e0 c\u00f4t\u00e9 de l&rsquo;h\u00f4tel pouvant accueillir jusqu&rsquo;\u00e0 8 personnes et certains d&rsquo;eux avec parking gratuit. CAN NISSO Construits sur l&rsquo;ancien site de l&rsquo;annexe de l&rsquo;h\u00f4tel il y a quelques ann\u00e9es, ce sont des appartements de deux \u00e0 trois pi\u00e8ces, avec des&#8230;<\/p>\n","protected":false},"author":1,"featured_media":0,"parent":0,"menu_order":0,"comment_status":"closed","ping_status":"closed","template":"","meta":{"inline_featured_image":false,"footnotes":""},"yst_prominent_words":[721,712,707,717,704,722,705,715,709,710,723,706,720,714,718,719,713,711,708,716],"class_list":["post-19434","page","type-page","status-publish","hentry"],"_links":{"self":[{"href":"https:\/\/tamariu.com\/fr\/wp-json\/wp\/v2\/pages\/19434"}],"collection":[{"href":"https:\/\/tamariu.com\/fr\/wp-json\/wp\/v2\/pages"}],"about":[{"href":"https:\/\/tamariu.com\/fr\/wp-json\/wp\/v2\/types\/page"}],"author":[{"embeddable":true,"href":"https:\/\/tamariu.com\/fr\/wp-json\/wp\/v2\/users\/1"}],"replies":[{"embeddable":true,"href":"https:\/\/tamariu.com\/fr\/wp-json\/wp\/v2\/comments?post=19434"}],"version-history":[{"count":5,"href":"https:\/\/tamariu.com\/fr\/wp-json\/wp\/v2\/pages\/19434\/revisions"}],"predecessor-version":[{"id":20966,"href":"https:\/\/tamariu.com\/fr\/wp-json\/wp\/v2\/pages\/19434\/revisions\/20966"}],"wp:attachment":[{"href":"https:\/\/tamariu.com\/fr\/wp-json\/wp\/v2\/media?parent=19434"}],"wp:term":[{"taxonomy":"yst_prominent_words","embeddable":true,"href":"https:\/\/tamariu.com\/fr\/wp-json\/wp\/v2\/yst_prominent_words?post=19434"}],"curies":[{"name":"wp","href":"https:\/\/api.w.org\/{rel}","templated":true}]}}