{"id":19508,"date":"2020-03-21T14:49:12","date_gmt":"2020-03-21T14:49:12","guid":{"rendered":"https:\/\/tamariu.com\/habitaciones\/"},"modified":"2024-12-16T10:34:37","modified_gmt":"2024-12-16T10:34:37","slug":"chambres","status":"publish","type":"page","link":"https:\/\/tamariu.com\/fr\/chambres\/","title":{"rendered":"Habitaciones FR"},"content":{"rendered":"<div class=\"vgblk-rw-wrapper limit-wrapper\">\n<h1>\n\tChambres\n\t<\/h1>\n\t<a href=\"https:\/\/tamariu.com\/fr\/reservations\/\" target=\"_self\" role=\"button\" rel=\"noopener\">\n\t\t\t\t\tR\u00e9server\n\t<\/a>\n\t<h1>17 Chambres<br \/>\n<\/h1>\n\t<strong>Nos chambres ont une salle de bain compl\u00e8te, air conditionn\u00e9, coffre-fort, r\u00e9frig\u00e9rateur, t\u00e9l\u00e9vision, t\u00e9l\u00e9phone et Wi-Fi gratuit.<br \/>\n<\/strong>\n<p>Choisissez parmi nos chambres celle qui correspond \u00e0 vos besoins : avec vue sur la mer, terrasse&#8230;<\/p>\n\t\t\t\t\t\t\t\t\t\tBasse saison\t\t\t\t\t\t\t\t\t\n\t\t\t14\/02-15\/04 + 21\/04-15\/05 + 14\/09-30\/11\n\t\t\t14\/02-15\/04 + 21\/04-15\/05 + 14\/09-30\/11\n\t\t\t\t\t\t\t\t\t\tMoyenne saison\t\t\t\t\t\t\t\t\t\n\t\t\t16\/04-20\/04 + 16\/05-19\/06 + 24\/08-13\/09\n\t\t\t16\/04-20\/04 + 16\/05-19\/06 + 24\/08-13\/09\n\t\t\t\t\t\t\t\t\t\tHaute saison\t\t\t\t\t\t\t\t\t\n\t\t\t20\/06-23\/08\n\t\t\t20\/06-23\/08\n<h2>\n\tSuite\n\t<\/h2>\n\t<p><strong>Avec terrasse et vue sur la mer<\/strong><\/p>\n<p>C&rsquo;est notre chambre la plus sp\u00e9ciale. Il dispose d&rsquo;une grande terrasse avec vue sur la mer o\u00f9 vous pourrez bronzer ou d\u00eener romantique avec votre couple.<\/p>\n\t\t\t\t\t\t\t\t\t\tBasse saison\t\t\t\t\t\t\t\t\t\n\t\t\t160 \u20ac\n\t\t\t160 \u20ac\n\t\t\t\t\t\t\t\t\t\tMoyenne saison\t\t\t\t\t\t\t\t\t\n\t\t\t190 \u20ac\n\t\t\t190 \u20ac\n\t\t\t\t\t\t\t\t\t\tHaute saison\t\t\t\t\t\t\t\t\t\n\t\t\t249 \u20ac\n\t\t\t249 \u20ac\n\t<a href=\"https:\/\/tamariu.com\/fr\/reservations\/\" target=\"_self\" role=\"button\" rel=\"noopener\">\n\t\t\t\t\tR\u00c9SERVER\n\t<\/a>\n<h2>\n\tDouble Sup\u00e9rieur\n\t<\/h2>\n\t<p><strong>Avec balcon et vue sur la mer<\/strong><\/p>\nChambre large et confortable avec toutes sortes de commodit\u00e9s et des vues spectaculaires sur la mer depuis son balcon.<br \/>\n\n\t\t\t\t\t\t\t\t\t\tBasse saison\t\t\t\t\t\t\t\t\t\n\t\t\t140 \u20ac\n\t\t\t140 \u20ac\n\t\t\t\t\t\t\t\t\t\tMoyenne saison\t\t\t\t\t\t\t\t\t\n\t\t\t160 \u20ac\n\t\t\t160 \u20ac\n\t\t\t\t\t\t\t\t\t\tHaute saison\t\t\t\t\t\t\t\t\t\n\t\t\t222 \u20ac\n\t\t\t222 \u20ac\n\t<a href=\"https:\/\/tamariu.com\/fr\/reservations\/\" target=\"_self\" role=\"button\" rel=\"noopener\">\n\t\t\t\t\tR\u00c9SERVER\n\t<\/a>\n<h2>\n\tDouble Lat\u00e9ral\n\t<\/h2>\n\t<p><strong>Avec balcon et vue sur le c\u00f4t\u00e9 de l&rsquo;h\u00f4tel<\/strong><\/p>\nChambre large et confortable avec toutes sortes de commodit\u00e9s et une terrasse sur le c\u00f4t\u00e9 de l&rsquo;h\u00f4tel.<br \/>\n\n\t\t\t\t\t\t\t\t\t\tBasse saison\t\t\t\t\t\t\t\t\t\n\t\t\t125 \u20ac\n\t\t\t125 \u20ac\n\t\t\t\t\t\t\t\t\t\tMoyenne saison\t\t\t\t\t\t\t\t\t\n\t\t\t146 \u20ac\n\t\t\t146 \u20ac\n\t\t\t\t\t\t\t\t\t\tHaute saison\t\t\t\t\t\t\t\t\t\n\t\t\t206 \u20ac\n\t\t\t206 \u20ac\n\t<a href=\"https:\/\/tamariu.com\/fr\/reservations\/\" target=\"_self\" role=\"button\" rel=\"noopener\">\n\t\t\t\t\tR\u00c9SERVER\n\t<\/a>\n<h2>\n\tDouble Standard\n\t<\/h2>\n\t<strong>Pas de balcon et vue sur l&rsquo;arri\u00e8re<br \/>\n<\/strong>\nChambre large et confortable avec toutes sortes de commodit\u00e9s et vue sur l&rsquo;arri\u00e8re de l&rsquo;h\u00f4tel.<br \/>\n\n\t\t\t\t\t\t\t\t\t\tBasse saison\t\t\t\t\t\t\t\t\t\n\t\t\t105 \u20ac\n\t\t\t105 \u20ac\n\t\t\t\t\t\t\t\t\t\tMoyenne saison\t\t\t\t\t\t\t\t\t\n\t\t\t122 \u20ac\n\t\t\t122 \u20ac\n\t\t\t\t\t\t\t\t\t\tHaute saison\t\t\t\t\t\t\t\t\t\n\t\t\t169 \u20ac\n\t\t\t169 \u20ac\n\t<a href=\"https:\/\/tamariu.com\/fr\/reservations\/\" target=\"_self\" role=\"button\" rel=\"noopener\">\n\t\t\t\t\tR\u00c9SERVER\n\t<\/a>\n\t\t<iframe src=\"https:\/\/www.google.com\/maps\/embed?pb=!4v1585922957149!6m8!1m7!1sCAoSLEFGMVFpcE5VWTZqSzNRTUExSU1JY3NOUHB0TUw1MjVJNjEwcEMzbWdEMzhh!2m2!1d41.918232022824!2d3.2073005147856!3f170.48856794409713!4f-15.142804029991424!5f0.4000000000000002\" height=\"400\" frameborder=\"0\"><\/iframe>\n\n<\/div><!-- .vgblk-rw-wrapper -->","protected":false},"excerpt":{"rendered":"<p>Chambres R\u00e9server 17 Chambres Nos chambres ont une salle de bain compl\u00e8te, air conditionn\u00e9, coffre-fort, r\u00e9frig\u00e9rateur, t\u00e9l\u00e9vision, t\u00e9l\u00e9phone et Wi-Fi gratuit. Choisissez parmi nos chambres celle qui correspond \u00e0 vos besoins : avec vue sur la mer, terrasse&#8230; Basse saison 14\/02-15\/04 + 21\/04-15\/05 + 14\/09-30\/11 14\/02-15\/04 + 21\/04-15\/05 + 14\/09-30\/11 Moyenne saison 16\/04-20\/04 + 16\/05-19\/06&#8230;<\/p>\n","protected":false},"author":1,"featured_media":0,"parent":0,"menu_order":0,"comment_status":"closed","ping_status":"closed","template":"","meta":{"inline_featured_image":false,"footnotes":""},"yst_prominent_words":[750,725,703,758,730,729,702,129,724,742,732,740,754,157,737,734,727,745,726,698],"class_list":["post-19508","page","type-page","status-publish","hentry"],"_links":{"self":[{"href":"https:\/\/tamariu.com\/fr\/wp-json\/wp\/v2\/pages\/19508"}],"collection":[{"href":"https:\/\/tamariu.com\/fr\/wp-json\/wp\/v2\/pages"}],"about":[{"href":"https:\/\/tamariu.com\/fr\/wp-json\/wp\/v2\/types\/page"}],"author":[{"embeddable":true,"href":"https:\/\/tamariu.com\/fr\/wp-json\/wp\/v2\/users\/1"}],"replies":[{"embeddable":true,"href":"https:\/\/tamariu.com\/fr\/wp-json\/wp\/v2\/comments?post=19508"}],"version-history":[{"count":5,"href":"https:\/\/tamariu.com\/fr\/wp-json\/wp\/v2\/pages\/19508\/revisions"}],"predecessor-version":[{"id":20844,"href":"https:\/\/tamariu.com\/fr\/wp-json\/wp\/v2\/pages\/19508\/revisions\/20844"}],"wp:attachment":[{"href":"https:\/\/tamariu.com\/fr\/wp-json\/wp\/v2\/media?parent=19508"}],"wp:term":[{"taxonomy":"yst_prominent_words","embeddable":true,"href":"https:\/\/tamariu.com\/fr\/wp-json\/wp\/v2\/yst_prominent_words?post=19508"}],"curies":[{"name":"wp","href":"https:\/\/api.w.org\/{rel}","templated":true}]}}