{"id":19510,"date":"2020-03-21T09:52:03","date_gmt":"2020-03-21T09:52:03","guid":{"rendered":"https:\/\/tamariu.com\/historia\/"},"modified":"2020-04-17T11:47:41","modified_gmt":"2020-04-17T11:47:41","slug":"histoire","status":"publish","type":"page","link":"https:\/\/tamariu.com\/fr\/histoire\/","title":{"rendered":"Historia FR"},"content":{"rendered":"<div class=\"vgblk-rw-wrapper limit-wrapper\"><h1>\n\tHistoire\n\t<\/h1>\n\t<h1>Le plus vieil h\u00f4tel de Tamariu<\/h1>\n\t<strong>Depuis 1930<br \/>\n<\/strong>\n<p>Pour expliquer les d\u00e9buts de notre petit h\u00f4tel familial, il faut remonter et d\u00e9passer les ann\u00e9es 1930, lorsque mes grands-parents, Josep et Leonor, ont ouvert une taverne dans cette ville c\u00f4ti\u00e8re idyllique qu&rsquo;est Tamariu. Jos\u00e9 \u00e9tait un p\u00eacheur et, comme \u00e0 cette \u00e9poque, le poisson ne manquait pas, Leonor a commenc\u00e9 \u00e0 cuisiner pour les gens qui venaient de Palafrugell, en particulier ceux qui se consacraient au monde du li\u00e8ge et de son \u00e9laboration, et qui voulaient profiter de la paix qu\u2019il y avait \u00e0 la plage de Tamariu.<\/p>\n<p>Aussi, \u00e0 cette \u00e9poque, des familles \u00e9trang\u00e8res ont d\u00e9cid\u00e9 de venir passer quelques jours de cong\u00e9, et c&rsquo;est \u00e0 ce moment qu&rsquo;elles ont d\u00e9cid\u00e9 d&rsquo;\u00e9largir l&rsquo;offre en pr\u00e9parent des chambres. Parmi leurs enfants, C\u00e1ndida, ma m\u00e8re, \u00e9tait la plus attir\u00e9e par la cuisine et avec Luis, mon p\u00e8re, ils ont continu\u00e9 \u00e0 d\u00e9velopper l&rsquo;entreprise, en suivant les traces de leurs parents.<\/p>\n<p>Pendant ce temps, mon fr\u00e8re Luis et moi, Fina, nous avait nourri, depuis un jeune \u00e2ge, du monde h\u00f4telier et avec le temps et avec nos couples, Carmen et Salvador, nous avons continu\u00e9 dans le foss\u00e9 pendant de nombreuses ann\u00e9es et ensemble nous r\u00e9novons l\u2019h\u00f4tel. Lorsque mon fr\u00e8re et Carmen ont d\u00e9cid\u00e9 de prendre leur retraite, mon mari et moi, avec nos trois enfants, avons pris les r\u00eanes et d\u00e9j\u00e0 sous le commandement des jeunes nous avons continu\u00e9, en lui donnant un point de modernit\u00e9.<\/p>\n<p>Maintenant, et en raison des circonstances de la vie, ce sont mes filles, Susan et Anna, qui attendent avec plaisir l&rsquo;entreprise, et j&rsquo;esp\u00e8re et je souhaite que, parmi les quatre petits-enfants que j&rsquo;ai, certains sortiront avec la volont\u00e9 de se battre pour ne perdre pas ce que leurs anc\u00eatres ont commenc\u00e9 depuis tant d&rsquo;ann\u00e9es avec d\u00e9vouement et enthousiasme.<\/p>\n<p>Fina Trilla<\/p>\n\t\t\t\t\t\t\t\t<!-- pagination -->\n\t\t\t\t\t\t<!-- navigation arrows -->\n\t<\/div><!-- .vgblk-rw-wrapper -->","protected":false},"excerpt":{"rendered":"<p>Histoire Le plus vieil h\u00f4tel de Tamariu Depuis 1930 Pour expliquer les d\u00e9buts de notre petit h\u00f4tel familial, il faut remonter et d\u00e9passer les ann\u00e9es 1930, lorsque mes grands-parents, Josep et Leonor, ont ouvert une taverne dans cette ville c\u00f4ti\u00e8re idyllique qu&rsquo;est Tamariu. Jos\u00e9 \u00e9tait un p\u00eacheur et, comme \u00e0 cette \u00e9poque, le poisson ne&#8230;<\/p>\n","protected":false},"author":1,"featured_media":0,"parent":0,"menu_order":0,"comment_status":"closed","ping_status":"closed","template":"","meta":{"inline_featured_image":false,"footnotes":""},"yst_prominent_words":[764,738,756,736,735,751,739,419,761,731,743,733,747,728],"class_list":["post-19510","page","type-page","status-publish","hentry"],"_links":{"self":[{"href":"https:\/\/tamariu.com\/fr\/wp-json\/wp\/v2\/pages\/19510"}],"collection":[{"href":"https:\/\/tamariu.com\/fr\/wp-json\/wp\/v2\/pages"}],"about":[{"href":"https:\/\/tamariu.com\/fr\/wp-json\/wp\/v2\/types\/page"}],"author":[{"embeddable":true,"href":"https:\/\/tamariu.com\/fr\/wp-json\/wp\/v2\/users\/1"}],"replies":[{"embeddable":true,"href":"https:\/\/tamariu.com\/fr\/wp-json\/wp\/v2\/comments?post=19510"}],"version-history":[{"count":0,"href":"https:\/\/tamariu.com\/fr\/wp-json\/wp\/v2\/pages\/19510\/revisions"}],"wp:attachment":[{"href":"https:\/\/tamariu.com\/fr\/wp-json\/wp\/v2\/media?parent=19510"}],"wp:term":[{"taxonomy":"yst_prominent_words","embeddable":true,"href":"https:\/\/tamariu.com\/fr\/wp-json\/wp\/v2\/yst_prominent_words?post=19510"}],"curies":[{"name":"wp","href":"https:\/\/api.w.org\/{rel}","templated":true}]}}