{"id":19512,"date":"2017-09-03T22:38:55","date_gmt":"2017-09-03T22:38:55","guid":{"rendered":"https:\/\/tamariu.com\/home-page-3\/"},"modified":"2026-03-05T23:08:57","modified_gmt":"2026-03-05T23:08:57","slug":"home-page-3","status":"publish","type":"page","link":"https:\/\/tamariu.com\/fr\/","title":{"rendered":"Inicio FR"},"content":{"rendered":"<div class=\"vgblk-rw-wrapper limit-wrapper\">\n<h1>\n\tHotel Tamariu\n\t<\/h1>\n\tDepuis 1930<br \/>\n\n\t<a href=\"https:\/\/tamariu.com\/fr\/reservations\/\" target=\"_self\" role=\"button\" rel=\"noopener\">\n\t\t\t\t\tR\u00e9server\n\t<\/a>\n\t<h1>H\u00f4tel calme et familial sur la plage de Tamariu<\/h1>\n\t<p><strong>Avec une situation privil\u00e9gi\u00e9e en premi\u00e8re ligne de mer, c&rsquo;est un bon point de d\u00e9part pour d\u00e9couvrir tout l&rsquo;environnement de la Costa Brava.<\/strong><\/p>\n<p>Est-ce que vous cherchez vous d\u00e9connecter de la routine, faire une escapade en famille ou surprendre votre couple ? Avec la mer M\u00e9diterran\u00e9e comme compagnon, vous pouvez profiter de la plage, des criques cach\u00e9es, du soleil et de la tranquillit\u00e9.<\/p>\n<p>\u00c0 l&rsquo;H\u00f4tel Tamariu, nous vous proposons de s\u00e9journer dans une chambre avec vue sur la mer, s\u00e9journer dans un de nos appartements ou manger face \u00e0 la mer dans notre Snack-Bar. Si vous pr\u00e9f\u00e9rez un peu d&rsquo;action, vous pouvez \u00e9galement faire du kayak, de la plong\u00e9e, des excursions et toutes sortes d&rsquo;activit\u00e9s nautiques.<\/p>\n<p>Venez profiter du charme naturel de Tamariu!<\/p>\n\t\t\t\t\t\t\t\t\t<img loading=\"lazy\" decoding=\"async\" src=\"https:\/\/tamariu.com\/wp-content\/uploads\/suite-2.jpg\" alt=\"Suite con terraza y vistas al mar\" itemprop=\"image\" height=\"800\" width=\"1200\" title=\"Suite con terraza y vistas al mar\" onerror=\"this.style.display='none'\"  \/>\n<h2>\n\tChambres\n\t<\/h2>\n\tCertaines de nos chambres ont de la vue sur la mer.<br \/>\n\n<p>Nous avons 17 chambres avec salle de bain compl\u00e8te, air conditionn\u00e9, t\u00e9l\u00e9vision, t\u00e9l\u00e9phone et Wi-Fi gratuit. Choisissez parmi nos chambres celle qui vous convient: vue sur la mer, terrasse&#8230;<\/p>\n\t<a href=\"https:\/\/tamariu.com\/fr\/chambres\/\" target=\"_self\" role=\"button\" rel=\"noopener\">\n\t\t\t\t\tVOIR LES CHAMBRES\n\t<\/a>\n<h2>\n\tSnack-Bar\n\t<\/h2>\n\tLa Salada<br \/>\n\n<p>Nous avons un menu vari\u00e9 de salades, entr\u00e9es, sandwichs et toasts tout au long de la journ\u00e9e, accompagn\u00e9 d&rsquo;un menu vari\u00e9 de boissons et vins locaux. Le Snack-Bar est situ\u00e9 au pied de la plage et dispose d&rsquo;une terrasse avec une vue magnifique sur la mer o\u00f9 vous pourrez profiter d&rsquo;un ambiance calme seul ou accompagn\u00e9.<\/p>\n\t<a href=\"https:\/\/tamariu.com\/fr\/restaurant\/\" target=\"_self\" role=\"button\" rel=\"noopener\">\n\t\t\t\t\tVOIR SNACK-BAR\n\t<\/a>\n\t\t\t\t\t\t\t\t\t<img loading=\"lazy\" decoding=\"async\" src=\"https:\/\/tamariu.com\/wp-content\/uploads\/snack-bar-2.jpg\" alt=\"snack-bar-2\" itemprop=\"image\" height=\"1108\" width=\"1900\" title=\"snack-bar-2\" onerror=\"this.style.display='none'\"  \/>\n\t\t\t\t\t\t\t\t\t<img loading=\"lazy\" decoding=\"async\" src=\"https:\/\/tamariu.com\/wp-content\/uploads\/hotel-tamariu-3.jpg\" alt=\"hotel-tamariu-3\" itemprop=\"image\" height=\"701\" width=\"1024\" title=\"hotel-tamariu-3\" onerror=\"this.style.display='none'\"  \/>\n<h2>\n\tAppartements\n\t<\/h2>\n\tCapacit\u00e9 jusqu&rsquo;\u00e0 8 personnes.<br \/>\n\nNous avons plusieurs appartements confortables et modernes \u00e0 c\u00f4t\u00e9 de l&rsquo;h\u00f4tel, avec 2 et 3 chambres, air conditionn\u00e9 et capacit\u00e9 pour jusqu&rsquo;\u00e0 8 personnes. Certains ont leur propre place de parking.<br \/>\n\n\t<a href=\"https:\/\/tamariu.com\/fr\/appartements\/\" target=\"_self\" role=\"button\" rel=\"noopener\">\n\t\t\t\t\tVOIR APPARTEMENTS\n\t<\/a>\n\t\t\t\t\t\t\t\t\t<img loading=\"lazy\" decoding=\"async\" src=\"https:\/\/tamariu.com\/wp-content\/uploads\/hotel-tamariu-62.jpg\" alt=\"hotel-tamariu-62\" itemprop=\"image\" height=\"1085\" width=\"1600\" title=\"hotel-tamariu-62\" onerror=\"this.style.display='none'\"  \/>\n<h2>\n\tD\u00e9couvrez Tamariu\n\t<\/h2>\n\tD\u00e9couvrez tout ce que vous pouvez voir et faire dans l&rsquo;une des plus belles villes de la Costa Brava.<br \/>\n\n<p>Tamariu attire les visiteurs pour son apparence presque vierge et l&rsquo;atmosph\u00e8re calme qui y est respir\u00e9e. Un paysage isol\u00e9, couvert de rochers et de v\u00e9g\u00e9tation dense, avec un littoral parsem\u00e9 de criques et une baie aux eaux profondes et transparentes. Une invitation \u00e0 profiter de quelques jours de repos et de d\u00e9connexion.<\/p>\n\t<a href=\"https:\/\/tamariu.com\/fr\/tamariu\/\" target=\"_self\" role=\"button\" rel=\"noopener\">\n\t\t\t\t\tVOIR PLUS\n\t<\/a>\n\t\t<iframe src=\"https:\/\/maps.google.com\/maps?q=Hotel+Tamariu&#038;iwloc=near&#038;output=embed\" height=\"400\" frameborder=\"0\" loading=\"lazy\"><\/iframe>\n\t<a href=\"https:\/\/www.google.es\/maps\/dir\/\/Hotel+Tamariu+Restaurant,+Passeig+del+Mar,+2,+17212+Tamariu,+Girona\/@41.9182701,3.2074318,15z\" target=\"_blank\" role=\"button\" rel=\"noopener\">\n\t\t\t\t\tCOMMENT VENIR\n\t<\/a>\n\t<pre class=\"ti-widget\" style=\"display: none\"><div class=\"ti-widget ti-book ti-show-rating-text ti-review-text-mode-readmore ti-text-align-left\" data-no-translation=\"true\" data-time-locale=\"hace %d %s|hoy|d\u00eda|d\u00edas|semana|semanas|mes|meses|a\u00f1o|a\u00f1os\" data-layout-id=\"5\" data-set-id=\"light-background\" data-pid=\"b5167179c03e50ec942cb\" data-pager-autoplay-timeout=\"6\" > <div class=\"ti-widget-container ti-col-4\"> <div class=\"ti-footer source-Booking\"> <div class=\"ti-large-logo\"> <div class=\"ti-v-center\"> <img loading=\"lazy\" decoding=\"async\" class=\"ti-logo-fb\" src=\"https:\/\/cdn.trustindex.io\/assets\/platform\/Booking\/logo.svg\" width=\"150\" height=\"25\" alt=\"Booking\" \/> <\/div> <\/div> <span class=\"ti-stars star-lg\"> <div class='ti-rating-box'>9.1<\/div> <\/span> <div class=\"ti-rating-text\"> <strong class=\"ti-rating\"> EXCELENTE <\/strong> <span class=\"nowrap\">A base de <strong>434 evaluaciones<\/strong><\/span> <\/div> <\/div> <div class=\"ti-reviews-container\"> <div class=\"ti-controls\"> <div class=\"ti-next\"><\/div> <div class=\"ti-prev\"><\/div> <\/div> <div class=\"ti-reviews-container-wrapper\">  <div data-empty=\"0\" data-time=\"1682294400\" class=\"ti-review-item source-Booking\" > <div class=\"ti-inner\"> <div class=\"ti-review-header\"> <div class=\"ti-profile-img\"> <img decoding=\"async\" src=\"https:\/\/cf.bstatic.com\/static\/img\/review\/avatars\/ava-j\/f69a0f45af414641ac0371c1f139c49637969c6c.png\" alt=\"Juan\" \/> <\/div> <div class=\"ti-profile-details\"> <div class=\"ti-name\"> Juan <\/div> <div class=\"ti-date\"><\/div> <\/div> <\/div> <span class=\"ti-stars\"><div class=\"ti-rating-box\">8.0<\/div><span class=\"ti-verified-review\"><span class=\"ti-verified-tooltip\">Verificada<\/span><\/span><\/span> <div class=\"ti-review-content\"><!-- R-CONTENT --><strong>Muy bien<\/strong><!-- R-CONTENT --><\/div> <span class=\"ti-read-more\" data-container=\".ti-review-content\" data-collapse-text=\"Ocultar\" data-open-text=\"Leer m\u00e1s\"><\/span> <\/div> <\/div>  <div data-empty=\"0\" data-time=\"1682208000\" class=\"ti-review-item source-Booking\" > <div class=\"ti-inner\"> <div class=\"ti-review-header\"> <div class=\"ti-profile-img\"> <img decoding=\"async\" src=\"https:\/\/cf.bstatic.com\/static\/img\/review\/avatars\/ava-f\/8ecb6dbf787bac20deb3945d9c8a8b1c94cc5e64.png\" alt=\"Francisco\" \/> <\/div> <div class=\"ti-profile-details\"> <div class=\"ti-name\"> Francisco <\/div> <div class=\"ti-date\"><\/div> <\/div> <\/div> <span class=\"ti-stars\"><div class=\"ti-rating-box\">10<\/div><span class=\"ti-verified-review\"><span class=\"ti-verified-tooltip\">Verificada<\/span><\/span><\/span> <div class=\"ti-review-content\"><!-- R-CONTENT --><strong>De lo mejor de la Costa Brava en plan familiar<\/strong>\n\u263a Nos gust\u00f3 todo. Es un hotel muy acogedor. Su ubicaci\u00f3n es inmejorable. Nos dieron habitaciones con balc\u00f3n y vistas al mar. Las vistas son extraordinarias. La atencion muy buena por todo el personal. El desayuno de calidad y m\u00e1s que suficiente. La limpieza impecable en todo el hotel, especialmente en lavabo y habitaci\u00f3n.\n\n\u2639 No hay nada que no me gustase, ser\u00eda imposible decir algo negativo.<!-- R-CONTENT --><\/div> <span class=\"ti-read-more\" data-container=\".ti-review-content\" data-collapse-text=\"Ocultar\" data-open-text=\"Leer m\u00e1s\"><\/span> <\/div> <\/div>  <div data-empty=\"0\" data-time=\"1682121600\" class=\"ti-review-item source-Booking\" > <div class=\"ti-inner\"> <div class=\"ti-review-header\"> <div class=\"ti-profile-img\"> <img decoding=\"async\" src=\"https:\/\/lh3.googleusercontent.com\/a\/AATXAJzb6OvsEFwI6yfz4Qqx-NRqHUhNsUTxVU9ZS3uO=s96-c\" alt=\"Luis\" \/> <\/div> <div class=\"ti-profile-details\"> <div class=\"ti-name\"> Luis <\/div> <div class=\"ti-date\"><\/div> <\/div> <\/div> <span class=\"ti-stars\"><div class=\"ti-rating-box\">10<\/div><span class=\"ti-verified-review\"><span class=\"ti-verified-tooltip\">Verificada<\/span><\/span><\/span> <div class=\"ti-review-content\"><!-- R-CONTENT --><strong>Excepcional<\/strong>\n\u263a Localizaci\u00f3n envidiable . Terraza de desayuno espectacular<!-- R-CONTENT --><\/div> <span class=\"ti-read-more\" data-container=\".ti-review-content\" data-collapse-text=\"Ocultar\" data-open-text=\"Leer m\u00e1s\"><\/span> <\/div> <\/div>  <div data-empty=\"0\" data-time=\"1682035200\" class=\"ti-review-item source-Booking\" > <div class=\"ti-inner\"> <div class=\"ti-review-header\"> <div class=\"ti-profile-img\"> <img decoding=\"async\" src=\"https:\/\/cf.bstatic.com\/static\/img\/review\/avatars\/ava-t\/7eb52a437de4a380f7666d4a62da6e64294cd321.png\" alt=\"Torsten\" \/> <\/div> <div class=\"ti-profile-details\"> <div class=\"ti-name\"> Torsten <\/div> <div class=\"ti-date\"><\/div> <\/div> <\/div> <span class=\"ti-stars\"><div class=\"ti-rating-box\">10<\/div><span class=\"ti-verified-review\"><span class=\"ti-verified-tooltip\">Verificada<\/span><\/span><\/span> <div class=\"ti-review-content\"><!-- R-CONTENT -->\u263aEin richtig sch\u00f6nes kleines famili\u00e4r gef\u00fchrtes Hotel zum Ankommen und Wohlf\u00fchlen direkt am kleinen Strand von Tamariu.\nWer hier in der Morgensonne beim Fr\u00fchst\u00fcck, wenn noch alles ruhig und leer ist, nicht gl\u00fccklich ist, dem ist nicht zu helfen.<!-- R-CONTENT --><\/div> <span class=\"ti-read-more\" data-container=\".ti-review-content\" data-collapse-text=\"Ocultar\" data-open-text=\"Leer m\u00e1s\"><\/span> <\/div> <\/div>  <div data-empty=\"0\" data-time=\"1682035200\" class=\"ti-review-item source-Booking\" > <div class=\"ti-inner\"> <div class=\"ti-review-header\"> <div class=\"ti-profile-img\"> <img decoding=\"async\" src=\"https:\/\/cf.bstatic.com\/static\/img\/review\/avatars\/ava-r\/29d5c93ac6953138bfc6f214a4c5a0f8b712b57b.png\" alt=\"Raymonde\" \/> <\/div> <div class=\"ti-profile-details\"> <div class=\"ti-name\"> Raymonde <\/div> <div class=\"ti-date\"><\/div> <\/div> <\/div> <span class=\"ti-stars\"><div class=\"ti-rating-box\">10<\/div><span class=\"ti-verified-review\"><span class=\"ti-verified-tooltip\">Verificada<\/span><\/span><\/span> <div class=\"ti-review-content\"><!-- R-CONTENT --><strong>D\u00e9paysement<\/strong>\n\u263aPetit d\u00e9jeuner excellent \nAccueil super. Personnel tr\u00e8s agr\u00e9able<!-- R-CONTENT --><\/div> <span class=\"ti-read-more\" data-container=\".ti-review-content\" data-collapse-text=\"Ocultar\" data-open-text=\"Leer m\u00e1s\"><\/span> <\/div> <\/div>  <div data-empty=\"0\" data-time=\"1681776000\" class=\"ti-review-item source-Booking\" > <div class=\"ti-inner\"> <div class=\"ti-review-header\"> <div class=\"ti-profile-img\"> <img decoding=\"async\" src=\"https:\/\/cf.bstatic.com\/static\/img\/review\/avatars\/ava-m\/0e43c9b9a23d334b52510a328641c048847226bc.png\" alt=\"Michel\" \/> <\/div> <div class=\"ti-profile-details\"> <div class=\"ti-name\"> Michel <\/div> <div class=\"ti-date\"><\/div> <\/div> <\/div> <span class=\"ti-stars\"><div class=\"ti-rating-box\">10<\/div><span class=\"ti-verified-review\"><span class=\"ti-verified-tooltip\">Verificada<\/span><\/span><\/span> <div class=\"ti-review-content\"><!-- R-CONTENT -->\u263aTout\n\n\u2639Rien<!-- R-CONTENT --><\/div> <span class=\"ti-read-more\" data-container=\".ti-review-content\" data-collapse-text=\"Ocultar\" data-open-text=\"Leer m\u00e1s\"><\/span> <\/div> <\/div>  <div data-empty=\"0\" data-time=\"1681516800\" class=\"ti-review-item source-Booking\" > <div class=\"ti-inner\"> <div class=\"ti-review-header\"> <div class=\"ti-profile-img\"> <img decoding=\"async\" src=\"https:\/\/cf.bstatic.com\/static\/img\/review\/avatars\/ava-a\/2c7be68fb3f987f1352e7b289d4b24137e1a283d.png\" alt=\"Anna\" \/> <\/div> <div class=\"ti-profile-details\"> <div class=\"ti-name\"> Anna <\/div> <div class=\"ti-date\"><\/div> <\/div> <\/div> <span class=\"ti-stars\"><div class=\"ti-rating-box\">10<\/div><span class=\"ti-verified-review\"><span class=\"ti-verified-tooltip\">Verificada<\/span><\/span><\/span> <div class=\"ti-review-content\"><!-- R-CONTENT --><strong>Excepcional<\/strong><!-- R-CONTENT --><\/div> <span class=\"ti-read-more\" data-container=\".ti-review-content\" data-collapse-text=\"Ocultar\" data-open-text=\"Leer m\u00e1s\"><\/span> <\/div> <\/div>  <div data-empty=\"0\" data-time=\"1681257600\" class=\"ti-review-item source-Booking\" > <div class=\"ti-inner\"> <div class=\"ti-review-header\"> <div class=\"ti-profile-img\"> <img decoding=\"async\" src=\"https:\/\/cf.bstatic.com\/static\/img\/review\/avatars\/ava-a\/2c7be68fb3f987f1352e7b289d4b24137e1a283d.png\" alt=\"An\u00f3nimo\" \/> <\/div> <div class=\"ti-profile-details\"> <div class=\"ti-name\"> An\u00f3nimo <\/div> <div class=\"ti-date\"><\/div> <\/div> <\/div> <span class=\"ti-stars\"><div class=\"ti-rating-box\">10<\/div><span class=\"ti-verified-review\"><span class=\"ti-verified-tooltip\">Verificada<\/span><\/span><\/span> <div class=\"ti-review-content\"><!-- R-CONTENT --><strong>estupenda tanto el hotel como las personas qu\u00e9 nos atendieron estupendamente por supuesto qu\u00e9 vuelvo otra vez<\/strong>\n\u263a la ubicaci\u00f3n y la limpieza de 10\n\n\u2639 no hab\u00eda nada que no me gustara<!-- R-CONTENT --><\/div> <span class=\"ti-read-more\" data-container=\".ti-review-content\" data-collapse-text=\"Ocultar\" data-open-text=\"Leer m\u00e1s\"><\/span> <\/div> <\/div>  <div data-empty=\"0\" data-time=\"1681257600\" class=\"ti-review-item source-Booking\" > <div class=\"ti-inner\"> <div class=\"ti-review-header\"> <div class=\"ti-profile-img\"> <img decoding=\"async\" src=\"https:\/\/cdn.trustindex.io\/assets\/default-avatar\/noprofile-07.svg\" alt=\"Claire\" \/> <\/div> <div class=\"ti-profile-details\"> <div class=\"ti-name\"> Claire <\/div> <div class=\"ti-date\"><\/div> <\/div> <\/div> <span class=\"ti-stars\"><div class=\"ti-rating-box\">10<\/div><span class=\"ti-verified-review\"><span class=\"ti-verified-tooltip\">Verificada<\/span><\/span><\/span> <div class=\"ti-review-content\"><!-- R-CONTENT --><strong>Excellent s\u00e9jour \u00e0 l'H\u00f4tel Tamariu<\/strong>\n\u263aTr\u00e8s bon accueil \u00e0 notre arriv\u00e9e, notre h\u00f4tesse parlait parfaitement fran\u00e7ais. La chambre \u00e9tait spacieuse, un balcon avec vue sur la mer, une grande salle de bain. Le buffet du petit d\u00e9jeuner compris dans la r\u00e9servation excellent. Le personnel toujours \u00e0 l'\u00e9coute et soucieux de notre Bien \u00catre. Nous avons \u00e9t\u00e9 charm\u00e9s par ce s\u00e9jour.\n\n\u2639RAS<!-- R-CONTENT --><\/div> <span class=\"ti-read-more\" data-container=\".ti-review-content\" data-collapse-text=\"Ocultar\" data-open-text=\"Leer m\u00e1s\"><\/span> <\/div> <\/div>  <div data-empty=\"0\" data-time=\"1681257600\" class=\"ti-review-item source-Booking\" > <div class=\"ti-inner\"> <div class=\"ti-review-header\"> <div class=\"ti-profile-img\"> <img decoding=\"async\" src=\"https:\/\/cf.bstatic.com\/static\/img\/review\/avatars\/ava-f\/8ecb6dbf787bac20deb3945d9c8a8b1c94cc5e64.png\" alt=\"Fabrice\" \/> <\/div> <div class=\"ti-profile-details\"> <div class=\"ti-name\"> Fabrice <\/div> <div class=\"ti-date\"><\/div> <\/div> <\/div> <span class=\"ti-stars\"><div class=\"ti-rating-box\">9.0<\/div><span class=\"ti-verified-review\"><span class=\"ti-verified-tooltip\">Verificada<\/span><\/span><\/span> <div class=\"ti-review-content\"><!-- R-CONTENT --><strong>Tr\u00e8s bel endroit, h\u00f4tel fort agr\u00e9able.<\/strong>\n\u263aTamariu est une magnifique petite crique, l'h\u00f4tel tr\u00e8s bien plac\u00e9, confortable, avec un personnel agr\u00e9able. La terrasse donne directement sur la mer. Tr\u00e8s bonnes tapas.<!-- R-CONTENT --><\/div> <span class=\"ti-read-more\" data-container=\".ti-review-content\" data-collapse-text=\"Ocultar\" data-open-text=\"Leer m\u00e1s\"><\/span> <\/div> <\/div>  <\/div> <div class=\"ti-controls-dots\"> <div class=\"dot active\"><\/div> <\/div> <\/div> <\/div> <\/div><\/pre>\n\n<\/div><!-- .vgblk-rw-wrapper -->","protected":false},"excerpt":{"rendered":"<p>Hotel Tamariu Depuis 1930 R\u00e9server H\u00f4tel calme et familial sur la plage de Tamariu Avec une situation privil\u00e9gi\u00e9e en premi\u00e8re ligne de mer, c&rsquo;est un bon point de d\u00e9part pour d\u00e9couvrir tout l&rsquo;environnement de la Costa Brava. Est-ce que vous cherchez vous d\u00e9connecter de la routine, faire une escapade en famille ou surprendre votre couple&#8230;<\/p>\n","protected":false},"author":1,"featured_media":0,"parent":0,"menu_order":0,"comment_status":"closed","ping_status":"closed","template":"","meta":{"inline_featured_image":false,"footnotes":""},"yst_prominent_words":[793,791,696,799,790,797,700,796,795,701,699,798,742,794,740,792,697,728,375,698],"class_list":["post-19512","page","type-page","status-publish","hentry"],"_links":{"self":[{"href":"https:\/\/tamariu.com\/fr\/wp-json\/wp\/v2\/pages\/19512"}],"collection":[{"href":"https:\/\/tamariu.com\/fr\/wp-json\/wp\/v2\/pages"}],"about":[{"href":"https:\/\/tamariu.com\/fr\/wp-json\/wp\/v2\/types\/page"}],"author":[{"embeddable":true,"href":"https:\/\/tamariu.com\/fr\/wp-json\/wp\/v2\/users\/1"}],"replies":[{"embeddable":true,"href":"https:\/\/tamariu.com\/fr\/wp-json\/wp\/v2\/comments?post=19512"}],"version-history":[{"count":11,"href":"https:\/\/tamariu.com\/fr\/wp-json\/wp\/v2\/pages\/19512\/revisions"}],"predecessor-version":[{"id":20975,"href":"https:\/\/tamariu.com\/fr\/wp-json\/wp\/v2\/pages\/19512\/revisions\/20975"}],"wp:attachment":[{"href":"https:\/\/tamariu.com\/fr\/wp-json\/wp\/v2\/media?parent=19512"}],"wp:term":[{"taxonomy":"yst_prominent_words","embeddable":true,"href":"https:\/\/tamariu.com\/fr\/wp-json\/wp\/v2\/yst_prominent_words?post=19512"}],"curies":[{"name":"wp","href":"https:\/\/api.w.org\/{rel}","templated":true}]}}