{"id":19514,"date":"2020-03-21T10:13:12","date_gmt":"2020-03-21T10:13:12","guid":{"rendered":"https:\/\/tamariu.com\/restaurante\/"},"modified":"2026-03-12T16:14:54","modified_gmt":"2026-03-12T16:14:54","slug":"restaurant","status":"publish","type":"page","link":"https:\/\/tamariu.com\/fr\/restaurant\/","title":{"rendered":"Restaurante FR"},"content":{"rendered":"<div class=\"vgblk-rw-wrapper limit-wrapper\">\n\n\t\t\t\t\t\t\t<img loading=\"lazy\" decoding=\"async\" src=\"https:\/\/tamariu.com\/wp-content\/uploads\/lasalada.png\" alt=\"lasalada\" itemprop=\"image\" height=\"715\" width=\"500\" title=\"lasalada\" onerror=\"this.style.display='none'\"  sizes=\"(max-width: 768px) 100vw, 100vw\" srcset=\"https:\/\/tamariu.com\/wp-content\/uploads\/lasalada.png 500w, https:\/\/tamariu.com\/wp-content\/uploads\/lasalada-210x300.png 210w, https:\/\/tamariu.com\/wp-content\/uploads\/lasalada-466x666.png 466w, https:\/\/tamariu.com\/wp-content\/uploads\/lasalada-350x501.png 350w\" \/>\t\t\t\t\t\t\t\n<h1>\n\tSnack-Bar \u00e0 Tamariu\n\t<\/h1>\n\t<h1>Snack-Bar avec vue sur la mer<br \/>\n<\/h1>\n\t<p><strong>Cuisine m\u00e9diterran\u00e9enne \u00e0 base de produits locaux.<\/strong><\/p>\n<p>Nous avons un menu vari\u00e9 de salades, entr\u00e9es, sandwichs et toasts tout au long de la journ\u00e9e, accompagn\u00e9 d&rsquo;un menu vari\u00e9 de boissons et vins locaux. Le Snack-Bar est situ\u00e9 au pied de la plage et dispose d&rsquo;une <strong>terrasse avec une vue magnifique sur la mer<\/strong> o\u00f9 vous pourrez profiter d&rsquo;un ambiance calme seul ou accompagn\u00e9.<\/p>\n<ul>\n<li>Petit-d\u00e9jeuner buffet \u00e0 l&rsquo;h\u00f4tel de 8h \u00e0 11h.<\/li>\n<li>Service cuisine de 8h \u00e0 21h30.<\/li>\n<\/ul>\n\t<a href=\"#carta\" target=\"_self\" role=\"button\" rel=\"noopener\">\n\t\t\t\t\tVOIRE LE MENU\n\t<\/a>\n<h2>\n\tGalerie de photos\n\t<\/h2>\n<h2>\n\tPetit d\u00e9jeuner\n\t<\/h2>\n\t<blockquote>\n<strong>PASTES<br \/>\n<\/strong>\n<\/blockquote>\n\t\t\t\t\t\t\t\t\t\tCroissant\t\t\t\t\t\t\t\t\t\n\t\t\t2,00\n\t\t\t2,00\n\t\t\t\t\t\t\t\t\t\tCROISSANT FOURR AU GRILL\t\t\t\t\t\t\t\t\t\n\t\t\t4,20\n\t\t\t\t\t\t\t\t<p>Au jambon d&rsquo;york et fromage ou beurre et confiture<\/p>\t\t\t\t\t\t\t\t\n\t\t\t4,20\n\t\t\t\t\t\t\t\t\t\tMini Chocolat Napolitain\t\t\t\t\t\t\t\t\t\n\t\t\t1,50\n\t\t\t1,50\n\t\t\t\t\t\t\t\t\t\tCANNE EN CHOCOLAT\t\t\t\t\t\t\t\t\t\n\t\t\t2,00\n\t\t\t2,00\n\t\t\t\t\t\t\t\t\t\t2 DOUGHNUTS\t\t\t\t\t\t\t\t\t\n\t\t\t1,00\n\t\t\t\t\t\t\t\t<p>sucre ou chocolat<\/p>\t\t\t\t\t\t\t\t\n\t\t\t1,00\n\t\t\t\t\t\t\t\t\t\tMADELEINE\t\t\t\t\t\t\t\t\t\n\t\t\t1,40\n\t\t\t1,40\n\t\t\t\t\t\t\t\t\t\tCONFITURE OU BEURRE (2u)\t\t\t\t\t\t\t\t\t\n\t\t\t1,60\n\t\t\t1,60\n\t\t\t\t\t\t\t\t\t\tC\u00c9R\u00c9ALES AVEC YAOURT\t\t\t\t\t\t\t\t\t\n\t\t\t4,90\n\t\t\t4,90\n\t\t\t\t\t\t\t\t\t\tC\u00c9R\u00c9ALES AVEC YAOURT ET FRUITS\t\t\t\t\t\t\t\t\t\n\t\t\t6,00\n\t\t\t6,00\n\t\t\t\t\t\t\t\t\t\tAssortiment de fruits\t\t\t\t\t\t\t\t\t\n\t\t\t7,00\n\t\t\t7,00\n\t\t\t\t\t\t\t\t\t\tPETIT D\u00c9JEUNER COMPLET\t\t\t\t\t\t\t\t\t\n\t\t\t11,00\n\t\t\t11,00\n\t\t\t\t\t\t\t\t\t\tchocolat ou cappuccino ou orange naturelle\t\t\t\t\t\t\t\t\t\n\t\t\t2,00\n\t\t\t\t\t\t\t\t<p>Unit\u00e9 suppl\u00e9mentaire<\/p>\t\t\t\t\t\t\t\t\n\t\t\t2,00\n\t<blockquote>\n<strong>POUR GRIGNOTER<br \/>\n<\/strong>\n<\/blockquote>\n\t\t\t\t\t\t\t\t\t\tASSORTIMENT D&rsquo;OLIVES\t\t\t\t\t\t\t\t\t\n\t\t\t5,50\n\t\t\t5,50\n\t\t\t\t\t\t\t\t\t\tAMUSE GUEULE D&rsquo;OMELETTE AUX POMMES DE TERRE\t\t\t\t\t\t\t\t\t\n\t\t\t5,80\n\t\t\t5,80\n\t\t\t\t\t\t\t\t\t\tAMUSE GUEULE AUX JAMB\u00d3N IB\u00c9RIQUE\t\t\t\t\t\t\t\t\t\n\t\t\t9,00\n\t\t\t9,00\n\t\t\t\t\t\t\t\t\t\tASSORTIMENT AUX CROQUETTES\t\t\t\t\t\t\t\t\t\n\t\t\t11,00\n\t\t\t11,00\n\t\t\t\t\t\t\t\t\t\tPOMMES DE TERRE BRAVAS\t\t\t\t\t\t\t\t\t\n\t\t\t8,50\n\t\t\t\t\t\t\t\t<p>Pommes de terre frites avec sauce piquante<\/p>\t\t\t\t\t\t\t\t\n\t\t\t8,50\n\t\t\t\t\t\t\t\t\t\tSTICKS AUX POULET AVEC SAUCE CHILI DOUCE\t\t\t\t\t\t\t\t\t\n\t\t\t9,70\n\t\t\t9,70\n\t\t\t\t\t\t\t\t\t\tGUACAMOLE AVEC FROMAGE, NACHOS ET VINADE HACH\u00c9E\t\t\t\t\t\t\t\t\t\n\t\t\t13,00\n\t\t\t13,00\n\t\t\t\t\t\t\t\t\t\tASSORTIMENT DE FROMAGES\t\t\t\t\t\t\t\t\t\n\t\t\t18,00\n\t\t\t18,00\n\t\t\t\t\t\t\t\t\t\tPLANCHE DE CHARCUTERIE\t\t\t\t\t\t\t\t\t\n\t\t\t18,00\n\t\t\t18,00\n\t\t\t\t\t\t\t\t\t\t\u00ab\u00a0COCA\u00a0\u00bb AVEC ANCHOAS\t\t\t\t\t\t\t\t\t\n\t\t\t15,50\n\t\t\t15,50\n\t\t\t\t\t\t\t\t\t\t\u00ab\u00a0COCA\u00a0\u00bb AVEC DE JAMBON IBERIQUE\t\t\t\t\t\t\t\t\t\n\t\t\t18,00\n\t\t\t18,00\n\t\t\t\t\t\t\t\t\t\tHUMMUS\t\t\t\t\t\t\t\t\t\n\t\t\t7,00\n\t\t\t7,00\n\t\t\t\t\t\t\t\t\t\tMELON AU JAMB\u00d3N\t\t\t\t\t\t\t\t\t\n\t\t\t12,00\n\t\t\t12,00\n\t\t\t\t\t\t\t\t\t\tTIMBALE DE TARTARE DE SAUMON MARINE \u00c0 L&rsquo;AVOCAT\t\t\t\t\t\t\t\t\t\n\t\t\t17,00\n\t\t\t17,00\n\t\t\t\t\t\t\t\t\t\tTARTARE DE TON AUX ALGUES WAKAME ET MAYONNAISE WASABI\t\t\t\t\t\t\t\t\t\n\t\t\t18,00\n\t\t\t18,00\n\t\t\t\t\t\t\t\t\t\tCARPACCIO DE BOEUF AU FROMAGE GRANA PADANA\t\t\t\t\t\t\t\t\t\n\t\t\t16,00\n\t\t\t16,00\n\t\t\t\t\t\t\t\t\t\tFOUGASSE \u00c0 LA TOMATE\t\t\t\t\t\t\t\t\t\n\t\t\t7,50\n\t\t\t7,50\n\t<blockquote>\n<strong>OEUFS<br \/>\n<\/strong>\n<\/blockquote>\n\t\t\t\t\t\t\t\t\t\tOEUFS AU PLAT (2u)\t\t\t\t\t\t\t\t\t\n\t\t\t6,00\n\t\t\t6,00\n\t\t\t\t\t\t\t\t\t\tOEUFS BROUILL\u00c9S\t\t\t\t\t\t\t\t\t\n\t\t\t7,00\n\t\t\t7,00\n\t\t\t\t\t\t\t\t\t\tOEUFS AU BACON\t\t\t\t\t\t\t\t\t\n\t\t\t8,50\n\t\t\t8,50\n\t\t\t\t\t\t\t\t\t\tomelette seule\t\t\t\t\t\t\t\t\t\n\t\t\t7,00\n\t\t\t7,00\n\t\t\t\t\t\t\t\t\t\t2 OEUFS AU PLAT AVEC FRITES\t\t\t\t\t\t\t\t\t\n\t\t\t11,00\n\t\t\t11,00\n\t\t\t\t\t\t\t\t\t\tPain \u00e0 g\u00e2teau avec omelette\t\t\t\t\t\t\t\t\t\n\t\t\t15,00\n\t\t\t15,00\n\t\t\t\t\t\t\t\t\t\tExtra Fromage\t\t\t\t\t\t\t\t\t\n\t\t\t1,00\n\t\t\t1,00\n\t\t\t\t\t\t\t\t\t\tExtra oignon\t\t\t\t\t\t\t\t\t\n\t\t\t1,30\n\t\t\t1,30\n\t\t\t\t\t\t\t\t\t\tExtra bacon\t\t\t\t\t\t\t\t\t\n\t\t\t2,00\n\t\t\t2,00\n\t<blockquote>\n<strong>BAGELS<br \/>\n<\/strong>\n<\/blockquote>\n\t\t\t\t\t\t\t\t\t\tBAGEL aux fruits et fromage \u00e0 la cr\u00e8me\t\t\t\t\t\t\t\t\t\n\t\t\t7,00\n\t\t\t7,00\n\t\t\t\t\t\t\t\t\t\tBAGEL d&rsquo;avocat, de saumon marin\u00e9 et d&rsquo;\u0153uf\t\t\t\t\t\t\t\t\t\n\t\t\t9,00\n\t\t\t9,00\n\t<blockquote>\n<p><strong>CROQUES MONSIEUR<\/strong><\/p>\n<\/blockquote>\n\t\t\t\t\t\t\t\t\t\tCROQUE SIMPLE\t\t\t\t\t\t\t\t\t\n\t\t\t5,20\n\t\t\t\t\t\t\t\t<p>jambon et fromage<\/p>\t\t\t\t\t\t\t\t\n\t\t\t5,20\n\t\t\t\t\t\t\t\t\t\tCROQUE MONSIEUR \u00c0 LA SOUBRESSADE ET AU MIEL et fromage\t\t\t\t\t\t\t\t\t\n\t\t\t6,00\n\t\t\t6,00\n\t\t\t\t\t\t\t\t\t\tCROQUE MONSIEUR AUX SAUMON ET CR\u00c8ME AU fromage \u00e0 la cr\u00e8me\t\t\t\t\t\t\t\t\t\n\t\t\t8,50\n\t\t\t8,50\n\t<p>Tartines aux cereals<\/p>\n\t\t\t\t\t\t\t\t\t\t\u00c0 l&rsquo;avocat et au fromage frais\t\t\t\t\t\t\t\t\t\n\t\t\t8,50\n\t\t\t8,50\n\t\t\t\t\t\t\t\t\t\t\u00c0 l&rsquo;avocat et \u0153uf cuit\t\t\t\t\t\t\t\t\t\n\t\t\t9,20\n\t\t\t9,20\n\t\t\t\t\t\t\t\t\t\tavec avocat et \u0153uf au plat\t\t\t\t\t\t\t\t\t\n\t\t\t11,00\n\t\t\t11,00\n\t\t\t\t\t\t\t\t\t\tAvec dinde brais\u00e9e, avocat et fromage frais\t\t\t\t\t\t\t\t\t\n\t\t\t13,00\n\t\t\t13,00\n\t<blockquote>\n<p><strong>BURGERS AVEC FRITES<\/strong><\/p>\n<\/blockquote>\n\t\t\t\t\t\t\t\t\t\tHAMBURGUER DE POULET PANE\t\t\t\t\t\t\t\t\t\n\t\t\t16,00\n\t\t\t\t\t\t\t\t<p>Tomate, fromage cheddar et \u00e9pinard et sauce aux cheddar<\/p>\t\t\t\t\t\t\t\t\n\t\t\t16,00\n\t\t\t\t\t\t\t\t\t\tHAMBURGER DE BOEUF ANGUS\t\t\t\t\t\t\t\t\t\n\t\t\t19,00\n\t\t\t\t\t\t\t\t<p>Laitue, tomate, fromage et rondelles d&rsquo;oignon<\/p>\t\t\t\t\t\t\t\t\n\t\t\t19,00\n\t\t\t\t\t\t\t\t\t\tHAMBURGUER VEGAN\t\t\t\t\t\t\t\t\t\n\t\t\t17,00\n\t\t\t\t\t\t\t\t<p>\u00c0 la sauce romesco, aux pruneaux et fromage vegan avec pommes aux patate douce<\/p>\t\t\t\t\t\t\t\t\n\t\t\t17,00\n\t<blockquote>\n<p><strong>G\u00c2TEAU DE PAIN SP\u00c9CIAL<\/strong><\/p>\n<\/blockquote>\n\t\t\t\t\t\t\t\t\t\tESCALIVADA (L\u00c9GUMES ROTIS)\t\t\t\t\t\t\t\t\t\n\t\t\t14,50\n\t\t\t14,50\n\t\t\t\t\t\t\t\t\t\tESCALIVADA AUX ANCHOIS\t\t\t\t\t\t\t\t\t\n\t\t\t18,00\n\t\t\t18,00\n\t\t\t\t\t\t\t\t\t\tESCALIVADA AU FROMAGES DE CH\u00c8VRE \t\t\t\t\t\t\t\t\t\n\t\t\t17,00\n\t\t\t17,00\n\t\t\t\t\t\t\t\t\t\tJAMBON D&rsquo;YORK ET FROMAGES\t\t\t\t\t\t\t\t\t\n\t\t\t13,00\n\t\t\t13,00\n\t\t\t\t\t\t\t\t\t\tAU THON AU FROMAGE ET OIGNON CARAM\u00c9LISE\t\t\t\t\t\t\t\t\t\n\t\t\t16,00\n\t\t\t16,00\n\t\t\t\t\t\t\t\t\t\t\u00c0 LA LONGE GRILL\u00c9 E ET FROMAGE\t\t\t\t\t\t\t\t\t\n\t\t\t16,50\n\t\t\t16,50\n\t\t\t\t\t\t\t\t\t\tBACON GRILL\u00c9E AVEC OIGNON CARAM\u00c9LIS\u00c9 ET FROMAGE\t\t\t\t\t\t\t\t\t\n\t\t\t15,50\n\t\t\t15,50\n\t\t\t\t\t\t\t\t\t\tBACON, LONGE, OIGNONS CARAM\u00c9LIS\u00c9S ET FROMAGE\t\t\t\t\t\t\t\t\t\n\t\t\t19,00\n\t\t\t19,00\n\t\t\t\t\t\t\t\t\t\tAU POULET AUX ESCALIVADA ET FROMAGE BRIE\t\t\t\t\t\t\t\t\t\n\t\t\t17,50\n\t\t\t17,50\n\t\t\t\t\t\t\t\t\t\tAU POULET AU CURRY ET AUX OIGNONS CARAM\u00c9LIS\u00c9\t\t\t\t\t\t\t\t\t\n\t\t\t17,00\n\t\t\t17,00\n\t<blockquote>\n<p><strong>SANDWICHS ET TOASTS<\/strong><\/p>\n<\/blockquote>\n\t\t\t\t\t\t\t\t\t\tTartine nature\t\t\t\t\t\t\t\t\t\n\t\t\t1,90\n\t\t\t1,90\n\t\t\t\t\t\t\t\t\t\tTartine \u00e0 la tomate\t\t\t\t\t\t\t\t\t\n\t\t\t2,50\n\t\t\t2,50\n\tJambon blanc ou de pays<br \/>\n\n\t\t\t\t\t\t\t\t\t\tPETIT PAIN AUX C\u00c9R\u00c9ALES OU NORMAL\t\t\t\t\t\t\t\t\t\n\t\t\t3,50\n\t\t\t3,50\n\t\t\t\t\t\t\t\t\t\tSANDWICH\t\t\t\t\t\t\t\t\t\n\t\t\t6,70\n\t\t\t6,70\n\t\t\t\t\t\t\t\t\t\tTARTINES\t\t\t\t\t\t\t\t\t\n\t\t\t7,00\n\t\t\t7,00\n\tFromage<br \/>\n\n\t\t\t\t\t\t\t\t\t\tPETIT PAIN AUX C\u00c9R\u00c9ALES OU NORMAL\t\t\t\t\t\t\t\t\t\n\t\t\t4,20\n\t\t\t4,20\n\t\t\t\t\t\t\t\t\t\tSANDWICH\t\t\t\t\t\t\t\t\t\n\t\t\t7,00\n\t\t\t7,00\n\t\t\t\t\t\t\t\t\t\tTARTINES\t\t\t\t\t\t\t\t\t\n\t\t\t7,50\n\t\t\t7,50\n\t<p>Saucisson<\/p>\n\t\t\t\t\t\t\t\t\t\tPETIT PAIN AUX C\u00c9R\u00c9ALES OU NORMAL\t\t\t\t\t\t\t\t\t\n\t\t\t3,50\n\t\t\t3,50\n\t\t\t\t\t\t\t\t\t\tSANDWICH\t\t\t\t\t\t\t\t\t\n\t\t\t6,70\n\t\t\t6,70\n\t\t\t\t\t\t\t\t\t\tTARTINES\t\t\t\t\t\t\t\t\t\n\t\t\t7,00\n\t\t\t7,00\n\tBoutifarre blanche ou noire<br \/>\n\n\t\t\t\t\t\t\t\t\t\tPETIT PAIN AUX C\u00c9R\u00c9ALES OU NORMAL\t\t\t\t\t\t\t\t\t\n\t\t\t3,50\n\t\t\t3,50\n\t\t\t\t\t\t\t\t\t\tSANDWICH\t\t\t\t\t\t\t\t\t\n\t\t\t6,70\n\t\t\t6,70\n\t\t\t\t\t\t\t\t\t\tTARTINES\t\t\t\t\t\t\t\t\t\n\t\t\t7,00\n\t\t\t7,00\n\tCatalana<br \/>\n\n\t\t\t\t\t\t\t\t\t\tPETIT PAIN AUX C\u00c9R\u00c9ALES OU NORMAL\t\t\t\t\t\t\t\t\t\n\t\t\t3,50\n\t\t\t3,50\n\t\t\t\t\t\t\t\t\t\tSANDWICH\t\t\t\t\t\t\t\t\t\n\t\t\t6,70\n\t\t\t6,70\n\t\t\t\t\t\t\t\t\t\tTARTINES\t\t\t\t\t\t\t\t\t\n\t\t\t7,00\n\t\t\t7,00\n\tJambon Ib\u00e9rique<br \/>\n\n\t\t\t\t\t\t\t\t\t\tPETIT PAIN AUX C\u00c9R\u00c9ALES OU NORMAL\t\t\t\t\t\t\t\t\t\n\t\t\t5,50\n\t\t\t5,50\n\t\t\t\t\t\t\t\t\t\tSANDWICH\t\t\t\t\t\t\t\t\t\n\t\t\t11,00\n\t\t\t11,00\n\t\t\t\t\t\t\t\t\t\tTARTINES\t\t\t\t\t\t\t\t\t\n\t\t\t12,00\n\t\t\t12,00\n\tLonge \/ Bacon \/ Omelette<br \/>\n\n\t\t\t\t\t\t\t\t\t\tPETIT PAIN AUX C\u00c9R\u00c9ALES OU NORMAL\t\t\t\t\t\t\t\t\t\n\t\t\t4,50\n\t\t\t4,50\n\t\t\t\t\t\t\t\t\t\tEntrep\u00e0\t\t\t\t\t\t\t\t\t\n\t\t\t8,00\n\t\t\t8,00\n\t\t\t\t\t\t\t\t\t\tTARTINES\t\t\t\t\t\t\t\t\t\n\t\t\t8,70\n\t\t\t8,70\n\t<p>Longe, bacon et fromage<\/p>\n\t\t\t\t\t\t\t\t\t\tPETIT PAIN AUX C\u00c9R\u00c9ALES OU NORMAL\t\t\t\t\t\t\t\t\t\n\t\t\t5,90\n\t\t\t5,90\n\t\t\t\t\t\t\t\t\t\tEntrep\u00e0\t\t\t\t\t\t\t\t\t\n\t\t\t9,80\n\t\t\t9,80\n\t\t\t\t\t\t\t\t\t\tTARTINES\t\t\t\t\t\t\t\t\t\n\t\t\t10,50\n\t\t\t10,50\n\t<p>Thon<\/p>\n\t\t\t\t\t\t\t\t\t\tPETIT PAIN AUX C\u00c9R\u00c9ALES OU NORMAL\t\t\t\t\t\t\t\t\t\n\t\t\t3,80\n\t\t\t3,80\n\t\t\t\t\t\t\t\t\t\tEntrep\u00e0\t\t\t\t\t\t\t\t\t\n\t\t\t7,00\n\t\t\t7,00\n\t\t\t\t\t\t\t\t\t\tTARTINES\t\t\t\t\t\t\t\t\t\n\t\t\t7,50\n\t\t\t7,50\n\t<p>Anchois<\/p>\n\t\t\t\t\t\t\t\t\t\tPETIT PAIN AUX C\u00c9R\u00c9ALES OU NORMAL\t\t\t\t\t\t\t\t\t\n\t\t\t5,40\n\t\t\t5,40\n\t\t\t\t\t\t\t\t\t\tEntrep\u00e0\t\t\t\t\t\t\t\t\t\n\t\t\t9,00\n\t\t\t9,00\n\t\t\t\t\t\t\t\t\t\tTARTINES\t\t\t\t\t\t\t\t\t\n\t\t\t9,50\n\t\t\t9,50\n\t\t\t\t\t\t\t\t\t\tPlanxat\t\t\t\t\t\t\t\t\t\n\t\t\t0,50\n\t\t\t0,50\n\t\t\t\t\t\t\t\t\t\tExtra fromage \t\t\t\t\t\t\t\t\t\n\t\t\t1,00\n\t\t\t1,00\n\t\t\t\t\t\t\t\t\t\tExtra oignon\t\t\t\t\t\t\t\t\t\n\t\t\t1,30\n\t\t\t1,30\n\t\t\t\t\t\t\t\t\t\tExtra bacon\t\t\t\t\t\t\t\t\t\n\t\t\t1,80\n\t\t\t1,80\n\t<blockquote>\n<strong>SALADES<br \/>\n<\/strong>\n<\/blockquote>\n\t\t\t\t\t\t\t\t\t\tSALADE VERTE DU JARDIN\t\t\t\t\t\t\t\t\t\n\t\t\t10,00\n\t\t\t\t\t\t\t\t<p>Salade, tomate, carotte, onion, asperges, concombre, olives, poivrot et bl\u00e9<\/p>\t\t\t\t\t\t\t\t\n\t\t\t10,00\n\t\t\t\t\t\t\t\t\t\tSALADE DE THON\t\t\t\t\t\t\t\t\t\n\t\t\t11,00\n\t\t\t\t\t\t\t\t<p>Salade, tomate, carotte, onion, asperges, concombre, thon, oeuf, olives, poivrot et bl\u00e9<\/p>\t\t\t\t\t\t\t\t\n\t\t\t11,00\n\t\t\t\t\t\t\t\t\t\tBURRATA CHEESE, TOMATO ET PESTO SAUCE\t\t\t\t\t\t\t\t\t\n\t\t\t16,00\n\t\t\t16,00\n\t\t\t\t\t\t\t\t\t\tSALADE DE FROMAGE DE CH\u00c8VRE AUX FRUITS SECS\t\t\t\t\t\t\t\t\t\n\t\t\t15,50\n\t\t\t\t\t\t\t\t<p>Salade, coing, fraises, cherry et vinagreta de pistache et miel<\/p>\t\t\t\t\t\t\t\t\n\t\t\t15,50\n\t\t\t\t\t\t\t\t\t\tSALADA DE QUINOA ET AVOCAT\t\t\t\t\t\t\t\t\t\n\t\t\t14,00\n\t\t\t\t\t\t\t\t<p>Collombarda, zanahoria, bacon, oeuf, aguacate et cherry<\/p>\t\t\t\t\t\t\t\t\n\t\t\t14,00\n\t\t\t\t\t\t\t\t\t\tSALADE CESAR\t\t\t\t\t\t\t\t\t\n\t\t\t15,00\n\t\t\t\t\t\t\t\t<p>salad, poulet, cro\u00fbtons, qfromage parmesan, tomates et vinaigrette c\u00e9sar<\/p>\t\t\t\t\t\t\t\t\n\t\t\t15,00\n\t\t\t\t\t\t\t\t\t\tXatonada\t\t\t\t\t\t\t\t\t\n\t\t\t16,00\n\t\t\t\t\t\t\t\t<p>Chicor\u00e9e fris\u00e9e, morue, olives noires, anchois et sauce romesco<\/p>\t\t\t\t\t\t\t\t\n\t\t\t16,00\n\t<blockquote>\n<strong>DESSERTS MAISON<br \/>\n<\/strong>\n<\/blockquote>\n\t\t\t\t\t\t\t\t\t\tCheesecake\t\t\t\t\t\t\t\t\t\n\t\t\t7,50\n\t\t\t7,50\n\t\t\t\t\t\t\t\t\t\tFLAN DU JOUR\t\t\t\t\t\t\t\t\t\n\t\t\t6,00\n\t\t\t6,00\n\t\t\t\t\t\t\t\t\t\tG\u00c2TEAU \u00c0 LA CAROTTE\t\t\t\t\t\t\t\t\t\n\t\t\t7,50\n\t\t\t7,50\n\t\t\t\t\t\t\t\t\t\tBrownie\t\t\t\t\t\t\t\t\t\n\t\t\t7,50\n\t\t\t7,50\n\t\t\t\t\t\t\t\t\t\tTarte au citron\t\t\t\t\t\t\t\t\t\n\t\t\t7,50\n\t\t\t7,50\n\t\t\t\t\t\t\t\t\t\tTruffles\t\t\t\t\t\t\t\t\t\n\t\t\t6,50\n\t\t\t6,50\n\t\t\t\t\t\t\t\t\t\tCOULANT AU CHOCOLAT\t\t\t\t\t\t\t\t\t\n\t\t\t7,50\n\t\t\t7,50\n\t\t\t\t\t\t\t\t\t\tTARRINE AUX TIRAMISU\t\t\t\t\t\t\t\t\t\n\t\t\t7,50\n\t\t\t7,50\n\t\t\t\t\t\t\t\t\t\tFromage frais avec miel et noix\t\t\t\t\t\t\t\t\t\n\t\t\t7,00\n\t\t\t7,00\n\t\t\t\t\t\t\t\t\t\tCoupes de cr\u00e8me glac\u00e9e\t\t\t\t\t\t\t\t\t\n\t\t\t5,50\n\t\t\t5,50\n\t\t\t\t\t\t\t\t\t\tBarattolino glace\t\t\t\t\t\t\t\t\t\n\t\t\t5,50\n\t\t\t5,50\n\t\t\t\t\t\t\t\t\t\tCristal Gourmet Glac\u00e9\t\t\t\t\t\t\t\t\t\n\t\t\t6,50\n\t\t\t6,50\n<h2>\n\tBoissons\n\t<\/h2>\n\t<blockquote>\n<strong>BOISSONS<br \/>\n<\/strong>\n<\/blockquote>\n\t\t\t\t\t\t\t\t\t\tEau min\u00e9rale 0,33ml\t\t\t\t\t\t\t\t\t\n\t\t\t1,40\n\t\t\t1,40\n\t\t\t\t\t\t\t\t\t\tEau gazeuse 0,33ml\t\t\t\t\t\t\t\t\t\n\t\t\t2,20\n\t\t\t2,20\n\t\t\t\t\t\t\t\t\t\tBoissons gazeuses\t\t\t\t\t\t\t\t\t\n\t\t\t2,90\n\t\t\t2,90\n\t\t\t\t\t\t\t\t\t\tJus de fruit\t\t\t\t\t\t\t\t\t\n\t\t\t2,80\n\t\t\t\t\t\t\t\t<p>Ananas ou p\u00eache<\/p>\t\t\t\t\t\t\t\t\n\t\t\t2,80\n\t\t\t\t\t\t\t\t\t\tJus d&rsquo;orange naturel\t\t\t\t\t\t\t\t\t\n\t\t\t4,00\n\t\t\t4,00\n\t\t\t\t\t\t\t\t\t\tBi\u00e8re en f\u00fbt (canne)\t\t\t\t\t\t\t\t\t\n\t\t\t2,60\n\t\t\t2,60\n\t\t\t\t\t\t\t\t\t\tBi\u00e8re baril (moyenne)\t\t\t\t\t\t\t\t\t\n\t\t\t3,10\n\t\t\t3,10\n\t\t\t\t\t\t\t\t\t\tBi\u00e8re baril (1\/2 litre)\t\t\t\t\t\t\t\t\t\n\t\t\t4,50\n\t\t\t4,50\n\t\t\t\t\t\t\t\t\t\tBi\u00e8re (bouteille)\t\t\t\t\t\t\t\t\t\n\t\t\t3,10\n\t\t\t3,10\n\t\t\t\t\t\t\t\t\t\tRadler de baril (tige)\t\t\t\t\t\t\t\t\t\n\t\t\t2,80\n\t\t\t2,80\n\t\t\t\t\t\t\t\t\t\tRadler de baril (moyen)\t\t\t\t\t\t\t\t\t\n\t\t\t3,30\n\t\t\t3,30\n\t\t\t\t\t\t\t\t\t\tRadler de baril (1\/2 litre)\t\t\t\t\t\t\t\t\t\n\t\t\t4,70\n\t\t\t4,70\n\t\t\t\t\t\t\t\t\t\tSidra Maeloc (dry) \t\t\t\t\t\t\t\t\t\n\t\t\t3,80\n\t\t\t3,80\n\t<blockquote>\n<strong>CAF\u00c9T\u00c9RIA<br \/>\n<\/strong>\n<\/blockquote>\n\t\t\t\t\t\t\t\t\t\tCaf\u00e9\t\t\t\t\t\t\t\t\t\n\t\t\t1,80\n\t\t\t1,80\n\t\t\t\t\t\t\t\t\t\tNoisette\t\t\t\t\t\t\t\t\t\n\t\t\t1,95\n\t\t\t1,95\n\t\t\t\t\t\t\t\t\t\tCaf\u00e9 au lait\t\t\t\t\t\t\t\t\t\n\t\t\t2,30\n\t\t\t2,30\n\t\t\t\t\t\t\t\t\t\tCaf\u00e9 au lait (gros)\t\t\t\t\t\t\t\t\t\n\t\t\t2,80\n\t\t\t2,80\n\t\t\t\t\t\t\t\t\t\tChocolat fondu\t\t\t\t\t\t\t\t\t\n\t\t\t4,00\n\t\t\t4,00\n\t\t\t\t\t\t\t\t\t\tVerre de lait\t\t\t\t\t\t\t\t\t\n\t\t\t2,10\n\t\t\t2,10\n\t\t\t\t\t\t\t\t\t\tVerre de lait avec Colacao\t\t\t\t\t\t\t\t\t\n\t\t\t3,00\n\t\t\t3,00\n\t\t\t\t\t\t\t\t\t\tChai Latte\t\t\t\t\t\t\t\t\t\n\t\t\t4,00\n\t\t\t4,00\n\t\t\t\t\t\t\t\t\t\tInfusions ou th\u00e9s\t\t\t\t\t\t\t\t\t\n\t\t\t2,50\n\t\t\t2,50\n\t\t\t\t\t\t\t\t\t\tCapucino\t\t\t\t\t\t\t\t\t\n\t\t\t3,50\n\t\t\t3,50\n\t\t\t\t\t\t\t\t\t\tCaf\u00e9 arros\u00e9\t\t\t\t\t\t\t\t\t\n\t\t\t3,00\n\t\t\t\t\t\t\t\t<p>Caf\u00e9 avec un peu d&rsquo;alcool<\/p>\t\t\t\t\t\t\t\t\n\t\t\t3,00\n\t<blockquote>\n<p><strong>COLLATIONS<\/strong><\/p>\n<\/blockquote>\n\t\t\t\t\t\t\t\t\t\tAmandes\t\t\t\t\t\t\t\t\t\n\t\t\t2,50\n\t\t\t2,50\n\t\t\t\t\t\t\t\t\t\tOlives\t\t\t\t\t\t\t\t\t\n\t\t\t3,00\n\t\t\t3,00\n\t\t\t\t\t\t\t\t\t\tCoques\t\t\t\t\t\t\t\t\t\n\t\t\t7,80\n\t\t\t7,80\n\t\t\t\t\t\t\t\t\t\tG\u00e2teaux\t\t\t\t\t\t\t\t\t\n\t\t\t2,40\n\t\t\t2,40\n\t\t\t\t\t\t\t\t\t\tCocktail de noix\t\t\t\t\t\t\t\t\t\n\t\t\t1,40\n\t\t\t1,40\n\t\t\t\t\t\t\t\t\t\tBitter kas\t\t\t\t\t\t\t\t\t\n\t\t\t3,00\n\t\t\t3,00\n\t\t\t\t\t\t\t\t\t\tVermut\t\t\t\t\t\t\t\t\t\n\t\t\t4,00\n\t\t\t4,00\n\t\t\t\t\t\t\t\t\t\tXer\u00e8s\t\t\t\t\t\t\t\t\t\n\t\t\t3,50\n\t\t\t3,50\n\t\t\t\t\t\t\t\t\t\tApperol\t\t\t\t\t\t\t\t\t\n\t\t\t9,00\n\t\t\t9,00\n\t\t\t\t\t\t\t\t\t\tGranadina\t\t\t\t\t\t\t\t\t\n\t\t\t2,60\n\t\t\t2,60\n\t\t\t\t\t\t\t\t\t\tOporto\t\t\t\t\t\t\t\t\t\n\t\t\t2,60\n\t\t\t2,60\n\t\t\t\t\t\t\t\t\t\tCampari\t\t\t\t\t\t\t\t\t\n\t\t\t4,50\n\t\t\t4,50\n\t\t\t\t\t\t\t\t\t\tRicard\t\t\t\t\t\t\t\t\t\n\t\t\t4,40\n\t\t\t4,40\n\t\t\t\t\t\t\t\t\t\tTinto verano\t\t\t\t\t\t\t\t\t\n\t\t\t5,60\n\t\t\t5,60\n\t\t\t\t\t\t\t\t\t\tVerre de cava\t\t\t\t\t\t\t\t\t\n\t\t\t4,20\n\t\t\t4,20\n\t\t\t\t\t\t\t\t\t\tSangria (1\/2 litre)\t\t\t\t\t\t\t\t\t\n\t\t\t10,00\n\t\t\t10,00\n\t\t\t\t\t\t\t\t\t\tSangria (1 litre)\t\t\t\t\t\t\t\t\t\n\t\t\t19,00\n\t\t\t19,00\n\t\t\t\t\t\t\t\t\t\tSangria (coupe)\t\t\t\t\t\t\t\t\t\n\t\t\t7,00\n\t\t\t7,00\n\t\t\t\t\t\t\t\t\t\tTisana (1\/2 litre)\t\t\t\t\t\t\t\t\t\n\t\t\t11,00\n\t\t\t11,00\n\t\t\t\t\t\t\t\t\t\tTisana (1 litre)\t\t\t\t\t\t\t\t\t\n\t\t\t20,00\n\t\t\t20,00\n\t\t\t\t\t\t\t\t\t\tTisana (coupe)\t\t\t\t\t\t\t\t\t\n\t\t\t8,00\n\t\t\t8,00\n\t<p><em><strong>Et profiter des nuits au bord de la mer&#8230;<\/strong><\/em><\/p>\n\t\t\t\t\t\t\t\t\t\tCremat\t\t\t\t\t\t\t\t\t\n\t\t\t9,00\n\t\t\t9,00\n\t<blockquote>\n<strong>GIN TONICS<br \/>\n<\/strong>\n<\/blockquote>\n\t\t\t\t\t\t\t\t\t\tGin tonic\t\t\t\t\t\t\t\t\t\n\t\t\t11,00\n\t\t\t\t\t\t\t\t<p>Gir\u00f3, Gordon&rsquo;s, Lario&rsquo;s, Gin 0&rsquo;0, Bombay Dry, Bombay Saphire, Tanqueray, Beefeater, Seagram&rsquo;s<\/p>\u00a0\t\t\t\t\t\t\t\t\n\t\t\t11,00\n\t\t\t\t\t\t\t\t\t\tGin Tonic Speciale\t\t\t\t\t\t\t\t\t\n\t\t\t13,00\n\t\t\t\t\t\t\t\t<p>G&rsquo;vine, Gin Mare, Martin Miller&rsquo;s, Hendriks, Puerto Indias Satrawberry<\/p>\t\t\t\t\t\t\t\t\n\t\t\t13,00\n\t\t\t\t\t\t\t\t\t\tCocktails\t\t\t\t\t\t\t\t\t\n\t\t\t11,00\n\t\t\t\t\t\t\t\t<p>Bloody Mary, America, Pi\u00f1a colada, Mojito, Caipirinha.<\/p>\t\t\t\t\t\t\t\t\n\t\t\t11,00\n\n<\/div><!-- .vgblk-rw-wrapper -->","protected":false},"excerpt":{"rendered":"<p>Snack-Bar \u00e0 Tamariu Snack-Bar avec vue sur la mer Cuisine m\u00e9diterran\u00e9enne \u00e0 base de produits locaux. Nous avons un menu vari\u00e9 de salades, entr\u00e9es, sandwichs et toasts tout au long de la journ\u00e9e, accompagn\u00e9 d&rsquo;un menu vari\u00e9 de boissons et vins locaux. Le Snack-Bar est situ\u00e9 au pied de la plage et dispose d&rsquo;une terrasse&#8230;<\/p>\n","protected":false},"author":1,"featured_media":0,"parent":0,"menu_order":0,"comment_status":"closed","ping_status":"closed","template":"","meta":{"inline_featured_image":false,"footnotes":""},"yst_prominent_words":[776,774,766,785,787,748,757,768,763,744,752,755,741,783,781,770,779,760,772,698],"class_list":["post-19514","page","type-page","status-publish","hentry"],"_links":{"self":[{"href":"https:\/\/tamariu.com\/fr\/wp-json\/wp\/v2\/pages\/19514"}],"collection":[{"href":"https:\/\/tamariu.com\/fr\/wp-json\/wp\/v2\/pages"}],"about":[{"href":"https:\/\/tamariu.com\/fr\/wp-json\/wp\/v2\/types\/page"}],"author":[{"embeddable":true,"href":"https:\/\/tamariu.com\/fr\/wp-json\/wp\/v2\/users\/1"}],"replies":[{"embeddable":true,"href":"https:\/\/tamariu.com\/fr\/wp-json\/wp\/v2\/comments?post=19514"}],"version-history":[{"count":11,"href":"https:\/\/tamariu.com\/fr\/wp-json\/wp\/v2\/pages\/19514\/revisions"}],"predecessor-version":[{"id":20980,"href":"https:\/\/tamariu.com\/fr\/wp-json\/wp\/v2\/pages\/19514\/revisions\/20980"}],"wp:attachment":[{"href":"https:\/\/tamariu.com\/fr\/wp-json\/wp\/v2\/media?parent=19514"}],"wp:term":[{"taxonomy":"yst_prominent_words","embeddable":true,"href":"https:\/\/tamariu.com\/fr\/wp-json\/wp\/v2\/yst_prominent_words?post=19514"}],"curies":[{"name":"wp","href":"https:\/\/api.w.org\/{rel}","templated":true}]}}